{"id":98,"date":"2021-03-01T10:20:36","date_gmt":"2021-03-01T09:20:36","guid":{"rendered":"http:\/\/pariserkommune.noblogs.org\/?page_id=98"},"modified":"2021-03-17T11:53:44","modified_gmt":"2021-03-17T10:53:44","slug":"tafel-0","status":"publish","type":"page","link":"https:\/\/pariserkommune.noblogs.org\/?page_id=98","title":{"rendered":"Einleitung"},"content":{"rendered":"<div class=\"navi-box-c\">\n<div class=\"navi-box ta-start\"><\/div>\n<div class=\"navi-box ta-end\"><a href=\"https:\/\/pariserkommune.noblogs.org\/files\/2021\/03\/Roll-Up_00_web.pdf\" target=\"_blank\" rel=\"noopener\">PDF<\/a><\/div>\n<div class=\"navi-box ta-center\" style=\"color: red\">Deutsch<\/div>\n<div class=\"navi-box ta-start\"><a href=\"https:\/\/pariserkommune.noblogs.org\/?page_id=190\" rel=\"noopener\">English<\/a><\/div>\n<div class=\"navi-box ta-end\"><a href=\"https:\/\/pariserkommune.noblogs.org\/?page_id=44\" rel=\"noopener\">N\u00e4chste &gt;&gt;<\/a><\/div>\n<\/div>\n<p><img loading=\"lazy\" decoding=\"async\" class=\"borderless aligncenter wp-image-538\" src=\"https:\/\/pariserkommune.noblogs.org\/files\/2021\/03\/00_01_01-1024x894-2.jpg\" alt=\"\" width=\"400\" height=\"349\" srcset=\"https:\/\/pariserkommune.noblogs.org\/files\/2021\/03\/00_01_01-1024x894-2.jpg 1224w, https:\/\/pariserkommune.noblogs.org\/files\/2021\/03\/00_01_01-1024x894-2-300x262.jpg 300w, https:\/\/pariserkommune.noblogs.org\/files\/2021\/03\/00_01_01-1024x894-2-1024x894.jpg 1024w, https:\/\/pariserkommune.noblogs.org\/files\/2021\/03\/00_01_01-1024x894-2-768x671.jpg 768w, https:\/\/pariserkommune.noblogs.org\/files\/2021\/03\/00_01_01-1024x894-2-343x300.jpg 343w\" sizes=\"auto, (max-width: 400px) 100vw, 400px\" \/><\/p>\n<h2>Willkommen zur Ausstellung 150 Jahre Pariser Kommune<\/h2>\n<p>2021 j\u00e4hrt sich der 150. Jahrestag der Pariser Kommune. Am 18. M\u00e4rz 1871 standen viele Bewohner*innen von Paris auf, um ihre Geschicke in die eigenen H\u00e4nde zu nehmen. Sie wollten nicht l\u00e4nger die Ausgebeuteten bleiben, die Paris erbauten und f\u00fcr die Reichen der Stadt schuften. Sie wollten endlich nach ihren Interessen und Bed\u00fcrfnissen leben. Die historische Situation am Ende des deutsch-franz\u00f6sischen Kriegs machte es ihnen m\u00f6glich, in Paris die Macht zu ergreifen.<\/p>\n<p><div id=\"attachment_263\" style=\"width: 253px\" class=\"wp-caption alignleft\"><a href=\"https:\/\/pariserkommune.noblogs.org\/files\/2021\/03\/00_02_01.jpg\" name=\"ref-01\"><img loading=\"lazy\" decoding=\"async\" aria-describedby=\"caption-attachment-263\" class=\"wp-image-263 size-medium\" src=\"https:\/\/pariserkommune.noblogs.org\/files\/2021\/03\/00_02_01-243x300.jpg\" alt=\"\" width=\"243\" height=\"300\" srcset=\"https:\/\/pariserkommune.noblogs.org\/files\/2021\/03\/00_02_01-243x300.jpg 243w, https:\/\/pariserkommune.noblogs.org\/files\/2021\/03\/00_02_01.jpg 496w\" sizes=\"auto, (max-width: 243px) 100vw, 243px\" \/><\/a><p id=\"caption-attachment-263\" class=\"wp-caption-text\">Versammlung des Frauenclubs in der Kirche Saint-Germain-l\u2018Auxerois <a href=\"#01\">[1]<\/a><\/p><\/div>Aufbauend auf die Erfahrungen revolution\u00e4rer Bewegungen wie die von 1789 und 1848 konnte die Kommune ihr Wirken entfalten. Der Funke der Revolution setzte Ideen, Kr\u00e4fte und Gef\u00fchle frei. In kurzer Zeit wurden viele Entscheidungen von der Kommune getroffen, die das Leben f\u00fcr die bisher unterdr\u00fcckte Mehrheit der Menschen gerechter machten. Die Reichen zogen sich zu Tode erschrocken in ihre Schl\u00f6sser am Rande von Paris zur\u00fcck.<\/p>\n<p>Solidarit\u00e4t, Mitbestimmung, Selbstorganisation, der Kampf f\u00fcr menschenw\u00fcrdige Lebensverh\u00e4ltnisse und eine echte sozialistische Gesellschaft sind seit der Pariser Kommune in das kollektive Bewusstsein eingeschrieben. Die Kommune von 1871 hatte Ausstrahlung auf viele revolution\u00e4re Bewegungen weltweit, die sich sp\u00e4ter aufmachten, grundlegende \u00c4nderung der gesellschaftlichen Kr\u00e4fteverh\u00e4ltnisse herbei zu f\u00fchren.<\/p>\n<p>Wir sind eine Gruppe von politischen Aktivist*-innen aus unterschiedlichen linken Zusammenh\u00e4ngen und K\u00e4mpfen und machten uns 2020 an den Entwurf einer Ausstellung zum Jahrestag. Wir stritten hei\u00df aber herzlich und trugen einiges zusammen, was zur Kommune geschrieben, gespielt und gesungen wurde, sprachen Expert*innen und alte Genoss*innen an. Unser besonderer Dank gilt Les Amies et Amis de la Commune de Paris (1871) in Paris, die uns mit ihrer Erfahrung zur Seite standen.<\/p>\n<p><div id=\"attachment_264\" style=\"width: 594px\" class=\"wp-caption alignnone\"><a href=\"https:\/\/pariserkommune.noblogs.org\/files\/2021\/03\/00_03_01.jpg\" name=\"ref-02\"><img loading=\"lazy\" decoding=\"async\" aria-describedby=\"caption-attachment-264\" class=\"wp-image-264 size-large\" src=\"https:\/\/pariserkommune.noblogs.org\/files\/2021\/03\/00_03_01-1024x685.jpg\" alt=\"\" width=\"584\" height=\"391\" srcset=\"https:\/\/pariserkommune.noblogs.org\/files\/2021\/03\/00_03_01-1024x685.jpg 1024w, https:\/\/pariserkommune.noblogs.org\/files\/2021\/03\/00_03_01-300x201.jpg 300w, https:\/\/pariserkommune.noblogs.org\/files\/2021\/03\/00_03_01-768x513.jpg 768w, https:\/\/pariserkommune.noblogs.org\/files\/2021\/03\/00_03_01-449x300.jpg 449w, https:\/\/pariserkommune.noblogs.org\/files\/2021\/03\/00_03_01.jpg 1077w\" sizes=\"auto, (max-width: 584px) 100vw, 584px\" \/><\/a><p id=\"caption-attachment-264\" class=\"wp-caption-text\">Versammlung im Arrivati-Park in Hamburg w\u00e4hrend der Proteste zum G20 Gipfel 2017 <a href=\"#02\">[2]<\/a><\/p><\/div>Nun ist eine Wanderausstellung entstanden, die wir an verschiedenen Orten zeigen. Ein Programm von unterschiedlichsten Formaten wird diese Ausstellung begleiten. Die Geschichte der Pariser Kommune ist ein Funke in der Geschichte der Klassenk\u00e4mpfe \u2013 sucht ihn und organisiert euch!<\/p>\n<p><em>Das Ausstellungskollektiv<\/em><\/p>\n<hr \/>\n<h2>Das letzte Wort ist noch nicht geschrieben<\/h2>\n<p>Die Ausstellung erhebt nicht den Anspruch auf Vollst\u00e4ndigkeit. Die Geschichte der Pariser Kommmune wurde aus der Gegenwart heraus rezipiert, um sie einem m\u00f6glichst breiten Publikum nahe zu bringen. Wir wollten den 150. Jahrestag der Pariser Kommmune w\u00fcrdigen und haben auf 15 Ausstellungstafeln ihre wichtigsten Stationen dokumentiert.<\/p>\n<h2>Und nun \u2013 was tun?<\/h2>\n<p>Die Wanderausstellung kann auch an einem Ort Deiner Wahl gezeigt werden. Du kannst sie nutzen, um ein Projekt an Deiner Schule oder in Deinem Kiez oder wo auch immer zu organisieren. Gerne kannst Du Dir auch Ideen f\u00fcr Veranstaltungen ausdenken und Mitstreiter*innen suchen oder einen Lesekreis gr\u00fcnden. Wozu Dich diese Ausstellung auch inspiriert, schreib an uns, wenn Du Unterst\u00fctzung suchst. Wir lassen Dich mit Deinem Funken nicht allein!<\/p>\n<p>&nbsp;<\/p>\n<p><a name=\"ref-03\" href=\"https:\/\/pariserkommune.noblogs.org\/files\/2021\/03\/00_04_01.jpg\"><img loading=\"lazy\" decoding=\"async\" class=\"borderless alignnone wp-image-265 size-full\" src=\"https:\/\/pariserkommune.noblogs.org\/files\/2021\/03\/00_04_01.jpg\" alt=\"\" width=\"1200\" height=\"1030\" srcset=\"https:\/\/pariserkommune.noblogs.org\/files\/2021\/03\/00_04_01.jpg 1200w, https:\/\/pariserkommune.noblogs.org\/files\/2021\/03\/00_04_01-300x258.jpg 300w, https:\/\/pariserkommune.noblogs.org\/files\/2021\/03\/00_04_01-1024x879.jpg 1024w, https:\/\/pariserkommune.noblogs.org\/files\/2021\/03\/00_04_01-768x659.jpg 768w, https:\/\/pariserkommune.noblogs.org\/files\/2021\/03\/00_04_01-350x300.jpg 350w\" sizes=\"auto, (max-width: 1200px) 100vw, 1200px\" \/><\/a><\/p>\n<div class=\"navi-box-c navi-bottom\">\n<div class=\"navi-box ta-start\"><\/div>\n<div class=\"navi-box ta-end\"><a href=\"https:\/\/pariserkommune.noblogs.org\/files\/2021\/03\/Roll-Up_00_web.pdf\" target=\"_blank\" rel=\"noopener\">PDF<\/a><\/div>\n<div class=\"navi-box ta-center\" style=\"color: red\">Deutsch<\/div>\n<div class=\"navi-box ta-start\"><a href=\"https:\/\/pariserkommune.noblogs.org\/?page_id=190\" rel=\"noopener\">English<\/a><\/div>\n<div class=\"navi-box ta-end\"><a href=\"https:\/\/pariserkommune.noblogs.org\/?page_id=44\" rel=\"noopener\">N\u00e4chste &gt;&gt;<\/a><\/div>\n<\/div>\n<div class=\"ref-box\"><strong>Bildreferenzen:<\/strong><br \/>\n<a class=\"ref-link\" href=\"#ref-01\" name=\"01\">[1] CC0 commons.wikimedia.org<\/a><br \/>\n<a class=\"ref-link\" href=\"#ref-02\" name=\"02\">[2] Umbruch Bildarchiv \/ Marily Stroux<\/a><br \/>\n<a class=\"ref-link\" href=\"#ref-03\" name=\"03\">[3] Verlag des Ministeriums f\u00fcr nationale Verteidigung, Warschau, 1955<\/a><\/div>\n","protected":false},"excerpt":{"rendered":"<p>PDF Deutsch English N\u00e4chste &gt;&gt; Willkommen zur Ausstellung 150 Jahre Pariser Kommune 2021 j\u00e4hrt sich der 150. Jahrestag der Pariser Kommune. Am 18. M\u00e4rz 1871 standen viele Bewohner*innen von Paris auf, um ihre Geschicke in die eigenen H\u00e4nde zu nehmen. &hellip; <a href=\"https:\/\/pariserkommune.noblogs.org\/?page_id=98\">Weiterlesen <span class=\"meta-nav\">&rarr;<\/span><\/a><\/p>\n","protected":false},"author":15881,"featured_media":0,"parent":0,"menu_order":0,"comment_status":"closed","ping_status":"closed","template":"","meta":{"_locale":"de_DE","_original_post":"http:\/\/pariserkommune.noblogs.org\/?page_id=98","footnotes":""},"class_list":["post-98","page","type-page","status-publish","hentry","de-DE"],"_links":{"self":[{"href":"https:\/\/pariserkommune.noblogs.org\/index.php?rest_route=\/wp\/v2\/pages\/98","targetHints":{"allow":["GET"]}}],"collection":[{"href":"https:\/\/pariserkommune.noblogs.org\/index.php?rest_route=\/wp\/v2\/pages"}],"about":[{"href":"https:\/\/pariserkommune.noblogs.org\/index.php?rest_route=\/wp\/v2\/types\/page"}],"author":[{"embeddable":true,"href":"https:\/\/pariserkommune.noblogs.org\/index.php?rest_route=\/wp\/v2\/users\/15881"}],"replies":[{"embeddable":true,"href":"https:\/\/pariserkommune.noblogs.org\/index.php?rest_route=%2Fwp%2Fv2%2Fcomments&post=98"}],"version-history":[{"count":22,"href":"https:\/\/pariserkommune.noblogs.org\/index.php?rest_route=\/wp\/v2\/pages\/98\/revisions"}],"predecessor-version":[{"id":699,"href":"https:\/\/pariserkommune.noblogs.org\/index.php?rest_route=\/wp\/v2\/pages\/98\/revisions\/699"}],"wp:attachment":[{"href":"https:\/\/pariserkommune.noblogs.org\/index.php?rest_route=%2Fwp%2Fv2%2Fmedia&parent=98"}],"curies":[{"name":"wp","href":"https:\/\/api.w.org\/{rel}","templated":true}]}}