{"id":69,"date":"2020-12-30T13:56:26","date_gmt":"2020-12-30T12:56:26","guid":{"rendered":"http:\/\/pariserkommune.noblogs.org\/?page_id=69"},"modified":"2021-03-09T12:32:45","modified_gmt":"2021-03-09T11:32:45","slug":"solidaritaet-mit-der-kommune-reaktion-auf-die-kommune-in-frankreich-europa","status":"publish","type":"page","link":"https:\/\/pariserkommune.noblogs.org\/?page_id=69","title":{"rendered":"Kommunen, Solidarit\u00e4t und Aufstand"},"content":{"rendered":"<div class=\"navi-box-c\">\n<div class=\"navi-box ta-start\"><a href=\"https:\/\/pariserkommune.noblogs.org\/?page_id=67\" rel=\"noopener\">&lt;&lt; Vorherige<\/a><\/div>\n<div class=\"navi-box ta-end\"><a href=\"https:\/\/pariserkommune.noblogs.org\/files\/2021\/03\/Roll-Up_10_web.pdf\" target=\"_blank\" rel=\"noopener\">PDF<\/a><\/div>\n<div class=\"navi-box ta-center\" style=\"color: red\">Deutsch<\/div>\n<div class=\"navi-box ta-start\"><a href=\"https:\/\/pariserkommune.noblogs.org\/?page_id=210\" rel=\"noopener\">English<\/a><\/div>\n<div class=\"navi-box ta-end\"><a href=\"https:\/\/pariserkommune.noblogs.org\/?page_id=71\" rel=\"noopener\">N\u00e4chste &gt;&gt;<\/a><\/div>\n<\/div>\n<div class=\"qblock\">\nVoll Freude und Begeisterung erf\u00fcllte uns die Nachricht von der bewaffneten Erhebung der Arbeiter gegen die Regierung.<\/p>\n<div class=\"header-quote\">Gru\u00dfbotschaft einer Versammlung des Allgemeinen Deutschen Arbeitervereins in Bremen an die Pariser Kommune, 19.04.1871<\/div>\n<div class=\"quote-left\">\u201d<\/div>\n<div class=\"quote-right\">\u201c<\/div>\n<\/div>\n<div id=\"attachment_376\" style=\"width: 763px\" class=\"wp-caption alignleft\"><a name=\"ref-01\" href=\"https:\/\/pariserkommune.noblogs.org\/files\/2021\/03\/10_01_01.jpg\"><img loading=\"lazy\" decoding=\"async\" aria-describedby=\"caption-attachment-376\" class=\"wp-image-376 size-full\" src=\"https:\/\/pariserkommune.noblogs.org\/files\/2021\/03\/10_01_01.jpg\" alt=\"\" width=\"753\" height=\"932\" srcset=\"https:\/\/pariserkommune.noblogs.org\/files\/2021\/03\/10_01_01.jpg 753w, https:\/\/pariserkommune.noblogs.org\/files\/2021\/03\/10_01_01-242x300.jpg 242w\" sizes=\"auto, (max-width: 753px) 100vw, 753px\" \/><\/a><p id=\"caption-attachment-376\" class=\"wp-caption-text\">Alphonse Colomb (1849-1909), K\u00fcnstlername Moloch, Zeichner und Karikaturist. Die Pariser Kommune begr\u00fc\u00dft die Kommunen von Lyon und Marseille. <a href=\"#01\">[1]<\/a><\/p><\/div>\n<div id=\"attachment_378\" style=\"width: 829px\" class=\"wp-caption aligncenter\"><a name=\"ref-02\" href=\"https:\/\/pariserkommune.noblogs.org\/files\/2021\/03\/10_02_01.jpg\"><img loading=\"lazy\" decoding=\"async\" aria-describedby=\"caption-attachment-378\" class=\"wp-image-378 size-full\" src=\"https:\/\/pariserkommune.noblogs.org\/files\/2021\/03\/10_02_01.jpg\" alt=\"\" width=\"819\" height=\"422\" srcset=\"https:\/\/pariserkommune.noblogs.org\/files\/2021\/03\/10_02_01.jpg 819w, https:\/\/pariserkommune.noblogs.org\/files\/2021\/03\/10_02_01-300x155.jpg 300w, https:\/\/pariserkommune.noblogs.org\/files\/2021\/03\/10_02_01-768x396.jpg 768w, https:\/\/pariserkommune.noblogs.org\/files\/2021\/03\/10_02_01-500x258.jpg 500w\" sizes=\"auto, (max-width: 819px) 100vw, 819px\" \/><\/a><p id=\"caption-attachment-378\" class=\"wp-caption-text\">Pariser Polizisten greifen eine Anti-Kriegs-Demonstration im Fr\u00fchjahr 1870 an. <a href=\"#02\">[2]<\/a><\/p><\/div>\n<div id=\"attachment_379\" style=\"width: 829px\" class=\"wp-caption aligncenter\"><a name=\"ref-03\" href=\"https:\/\/pariserkommune.noblogs.org\/files\/2021\/03\/10_03_01.jpg\"><img loading=\"lazy\" decoding=\"async\" aria-describedby=\"caption-attachment-379\" class=\"wp-image-379 size-full\" src=\"https:\/\/pariserkommune.noblogs.org\/files\/2021\/03\/10_03_01.jpg\" alt=\"\" width=\"819\" height=\"422\" srcset=\"https:\/\/pariserkommune.noblogs.org\/files\/2021\/03\/10_03_01.jpg 819w, https:\/\/pariserkommune.noblogs.org\/files\/2021\/03\/10_03_01-300x155.jpg 300w, https:\/\/pariserkommune.noblogs.org\/files\/2021\/03\/10_03_01-768x396.jpg 768w, https:\/\/pariserkommune.noblogs.org\/files\/2021\/03\/10_03_01-500x258.jpg 500w\" sizes=\"auto, (max-width: 819px) 100vw, 819px\" \/><\/a><p id=\"caption-attachment-379\" class=\"wp-caption-text\">Revolution\u00e4r*innen erobern am 24. M\u00e4rz das Rathaus von Saint-Etienne. <a href=\"#03\">[3]<\/a><\/p><\/div>\n<div id=\"attachment_377\" style=\"width: 576px\" class=\"wp-caption aligncenter\"><a name=\"ref-04\" href=\"https:\/\/pariserkommune.noblogs.org\/files\/2021\/03\/10_01_02.jpg\"><img loading=\"lazy\" decoding=\"async\" aria-describedby=\"caption-attachment-377\" class=\"wp-image-377\" src=\"https:\/\/pariserkommune.noblogs.org\/files\/2021\/03\/10_01_02.jpg\" alt=\"\" width=\"566\" height=\"883\" srcset=\"https:\/\/pariserkommune.noblogs.org\/files\/2021\/03\/10_01_02.jpg 496w, https:\/\/pariserkommune.noblogs.org\/files\/2021\/03\/10_01_02-192x300.jpg 192w\" sizes=\"auto, (max-width: 566px) 100vw, 566px\" \/><\/a><p id=\"caption-attachment-377\" class=\"wp-caption-text\">Englische Grafik in Solidarit\u00e4t mit der Pariser Kommune. Text: An english tribute to the french commune dedicated to the workers of both countries. (Eine englische Hommage an die franz\u00f6sische Kommune, gewidmet den Arbeitern beider L\u00e4nder.) <a href=\"#04\">[4]<\/a><\/p><\/div>\n<h2>Weitere Kommunen in Frankreich<\/h2>\n<p>Auch in anderen St\u00e4dten Frankreichs wurden Kommunen ausgerufen, in einigen bereits im Sommer und Herbst 1870. Sie konnten sich genauso wenig halten wie die vom Fr\u00fchjahr 1871. Die Kommune von Marseille wurde als l\u00e4ngste nach 13 Tagen am 4. April 1871 blutig niedergeschlagen. Zwischen Paris und der Provinz konnten sich Delegierte nur sporadisch austauschen, eine dauerhafte Zusammenarbeit gab es nicht. Dies war sowohl der Blockade von Paris durch die Versailler Regierung geschuldet als auch ein Vers\u00e4umnis der Pariser Kommunard*innen. Diese unterlie\u00dfen es, bis auf wenige Versuche, die franz\u00f6sische Provinz und das internationale Ausland anzusprechen.<\/p>\n<h2>Internationale Solidarit\u00e4t<\/h2>\n<p>Die Internationale Arbeiterassoziation, die in Europa und USA vertreten war, stellte sich der Anti-Kommune-Propaganda der b\u00fcrgerlichen Presse entgegen. Beim internationalen Proletariat stie\u00df die Pariser Kommune auf ungeteilte Zustimmung. Schon vor dem deutsch-franz\u00f6sischen Krieg gab es in Frankreich und Deutschland Proteste gegen den drohenden Krieg. Auch die Kommune wurde von der organisierten Arbeiterbewegung mit zahlreichen Demonstrationen unterst\u00fctzt, wie am 16. April im Londoner Hyde Park mit 30.000 Teilnehmenden. Demonstrationen konnten aber die Niederschlagung der Kommune genauso wenig verhindern wie den Krieg. Nach dem Ende der Kommune waren diese Strukturen aber eine gro\u00dfe Unterst\u00fctzung f\u00fcr die Tausenden Kommunard*innen, die aus Frankreich fl\u00fcchten mussten.<\/p>\n<h2>Der antikoloniale Aufstand in Algerien<\/h2>\n<p>Auch in der seit 1830 franz\u00f6sischen Kolonie Algerien unterst\u00fctzten viele der eingewanderten Arbeiter*innen die Pariser Kommune. Gleichzeitig begann der erste gro\u00dfe Aufstand der Algerier*innen gegen das Kolonialregime. Weder die Pariser Kommunard*innen noch ihre Unterst\u00fctzer*innen in Algerien erkannten die Gemeinsamkeiten mit diesem Befreiungskampf. Dieser wurde so brutal niedergeschlagen wie die Kommune und aufst\u00e4ndische Algerier*innen wie die Kommunard*innen nach Neukaledonien deportiert.<\/p>\n<p><a name=\"ref-05\" href=\"https:\/\/pariserkommune.noblogs.org\/files\/2021\/03\/10_04_01.jpg\"><img loading=\"lazy\" decoding=\"async\" class=\"borderless aligncenter wp-image-380\" src=\"https:\/\/pariserkommune.noblogs.org\/files\/2021\/03\/10_04_01.jpg\" alt=\"\" width=\"400\" height=\"680\" srcset=\"https:\/\/pariserkommune.noblogs.org\/files\/2021\/03\/10_04_01.jpg 497w, https:\/\/pariserkommune.noblogs.org\/files\/2021\/03\/10_04_01-176x300.jpg 176w\" sizes=\"auto, (max-width: 400px) 100vw, 400px\" \/><\/a><\/p>\n<p><a name=\"ref-06\" href=\"https:\/\/pariserkommune.noblogs.org\/files\/2021\/03\/10_04_02.jpg\"><img loading=\"lazy\" decoding=\"async\" class=\"borderless aligncenter wp-image-381\" src=\"https:\/\/pariserkommune.noblogs.org\/files\/2021\/03\/10_04_02.jpg\" alt=\"\" width=\"400\" height=\"635\" srcset=\"https:\/\/pariserkommune.noblogs.org\/files\/2021\/03\/10_04_02.jpg 497w, https:\/\/pariserkommune.noblogs.org\/files\/2021\/03\/10_04_02-189x300.jpg 189w\" sizes=\"auto, (max-width: 400px) 100vw, 400px\" \/><\/a><\/p>\n<div id=\"attachment_382\" style=\"width: 576px\" class=\"wp-caption aligncenter\"><a name=\"ref-07\" href=\"https:\/\/pariserkommune.noblogs.org\/files\/2021\/03\/10_05_01.jpg\"><img loading=\"lazy\" decoding=\"async\" aria-describedby=\"caption-attachment-382\" class=\"wp-image-382\" src=\"https:\/\/pariserkommune.noblogs.org\/files\/2021\/03\/10_05_01.jpg\" alt=\"\" width=\"566\" height=\"501\" srcset=\"https:\/\/pariserkommune.noblogs.org\/files\/2021\/03\/10_05_01.jpg 496w, https:\/\/pariserkommune.noblogs.org\/files\/2021\/03\/10_05_01-300x266.jpg 300w, https:\/\/pariserkommune.noblogs.org\/files\/2021\/03\/10_05_01-339x300.jpg 339w\" sizes=\"auto, (max-width: 566px) 100vw, 566px\" \/><\/a><p id=\"caption-attachment-382\" class=\"wp-caption-text\"><strong>Gaston Cr\u00e9mieux<\/strong> (1836-1871)<br \/>Jurist, Schriftsteller und Republikaner. Wegen Teilnahme an der Marseiller Kommune zum Tode verurteilt und hingerichtet. <a href=\"#07\">[7]<\/a><\/p><\/div>\n<p><img loading=\"lazy\" decoding=\"async\" class=\"youth-img\" src=\"https:\/\/pariserkommune.noblogs.org\/files\/2021\/03\/marie_laurent.jpg\" alt=\"\" width=\"257\" height=\"117\" \/><\/p>\n<div class=\"youth-text youth-10\"><strong>Marie:<\/strong> Mama hat mir erz\u00e4hlt, dass in London neulich ganz viele Menschen f\u00fcr unsere Kommune auf die Stra\u00dfe gegangen sind. Wie haben die denn von uns erfahren?<br \/>\n<strong>Laurent:<\/strong> Marie, wir schreiben hier Weltgeschichte! Die Nachricht von unserer Kommune wurde in Windeseile in alle Welt hinaus telegraphiert.<br \/>\n<strong>Marie:<\/strong> Laurent, ist das nicht toll? Da drau\u00dfen gibt es Menschen, die wohnen ganz weit weg und die denken an uns. Die k\u00e4mpfen mit uns f\u00fcr die gleiche Sache. Dabei kennen sie uns doch gar nicht! Also bei soviel Beistand m\u00fcssen wir doch siegen, oder?<\/div>\n<div class=\"navi-box-c navi-bottom\">\n<div class=\"navi-box ta-start\"><a href=\"https:\/\/pariserkommune.noblogs.org\/?page_id=67\" rel=\"noopener\">&lt;&lt; Vorherige<\/a><\/div>\n<div class=\"navi-box ta-end\"><a href=\"https:\/\/pariserkommune.noblogs.org\/files\/2021\/03\/Roll-Up_10_web.pdf\" target=\"_blank\" rel=\"noopener\">PDF<\/a><\/div>\n<div class=\"navi-box ta-center\" style=\"color: red\">Deutsch<\/div>\n<div class=\"navi-box ta-start\"><a href=\"https:\/\/pariserkommune.noblogs.org\/?page_id=210\" rel=\"noopener\">English<\/a><\/div>\n<div class=\"navi-box ta-end\"><a href=\"https:\/\/pariserkommune.noblogs.org\/?page_id=71\" rel=\"noopener\">N\u00e4chste &gt;&gt;<\/a><\/div>\n<\/div>\n<div class=\"ref-box\">\n <strong>Bildreferenzen:<\/strong><br \/>\n <a name=\"01\" class=\"ref-link\" href=\"#ref-01\">[1] humanite.fr<\/a><br \/>\n <a name=\"02\" class=\"ref-link\" href=\"#ref-02\">[2] Verlag des Ministeriums f\u00fcr nationale Verteidigung, Warschau, 1955<\/a><br \/>\n <a name=\"03\" class=\"ref-link\" href=\"#ref-03\">[3] Verlag des Ministeriums f\u00fcr nationale Verteidigung, Warschau, 1955<\/a><br \/>\n <a name=\"04\" class=\"ref-link\" href=\"#ref-04\">[4] Dietz Verlag, Verlin, 1982<\/a><br \/>\n <a name=\"05\" class=\"ref-link\" href=\"#ref-05\">[5] Les Communes des Provinces de 1870 et de 1871, Les Amis de la Commune de Paris 1871, 2001, S. 5, S. 9<\/a><br \/>\n <a name=\"06\" class=\"ref-link\" href=\"#ref-06\">[6] Les Communes des Provinces de 1870 et de 1871, Les Amis de la Commune de Paris 1871, 2001, S. 5, S. 9<\/a><br \/>\n <a name=\"07\" class=\"ref-link\" href=\"#ref-07\">[7] CC0 commons.wikimedia.org<\/a>\n<\/div>\n","protected":false},"excerpt":{"rendered":"<p>&lt;&lt; Vorherige PDF Deutsch English N\u00e4chste &gt;&gt; Voll Freude und Begeisterung erf\u00fcllte uns die Nachricht von der bewaffneten Erhebung der Arbeiter gegen die Regierung. Gru\u00dfbotschaft einer Versammlung des Allgemeinen Deutschen Arbeitervereins in Bremen an die Pariser Kommune, 19.04.1871 \u201d \u201c &hellip; <a href=\"https:\/\/pariserkommune.noblogs.org\/?page_id=69\">Weiterlesen <span class=\"meta-nav\">&rarr;<\/span><\/a><\/p>\n","protected":false},"author":15881,"featured_media":0,"parent":0,"menu_order":0,"comment_status":"closed","ping_status":"closed","template":"","meta":{"_locale":"de_DE","_original_post":"http:\/\/pariserkommune.noblogs.org\/?page_id=69","footnotes":""},"class_list":["post-69","page","type-page","status-publish","hentry","de-DE"],"_links":{"self":[{"href":"https:\/\/pariserkommune.noblogs.org\/index.php?rest_route=\/wp\/v2\/pages\/69","targetHints":{"allow":["GET"]}}],"collection":[{"href":"https:\/\/pariserkommune.noblogs.org\/index.php?rest_route=\/wp\/v2\/pages"}],"about":[{"href":"https:\/\/pariserkommune.noblogs.org\/index.php?rest_route=\/wp\/v2\/types\/page"}],"author":[{"embeddable":true,"href":"https:\/\/pariserkommune.noblogs.org\/index.php?rest_route=\/wp\/v2\/users\/15881"}],"replies":[{"embeddable":true,"href":"https:\/\/pariserkommune.noblogs.org\/index.php?rest_route=%2Fwp%2Fv2%2Fcomments&post=69"}],"version-history":[{"count":23,"href":"https:\/\/pariserkommune.noblogs.org\/index.php?rest_route=\/wp\/v2\/pages\/69\/revisions"}],"predecessor-version":[{"id":606,"href":"https:\/\/pariserkommune.noblogs.org\/index.php?rest_route=\/wp\/v2\/pages\/69\/revisions\/606"}],"wp:attachment":[{"href":"https:\/\/pariserkommune.noblogs.org\/index.php?rest_route=%2Fwp%2Fv2%2Fmedia&parent=69"}],"curies":[{"name":"wp","href":"https:\/\/api.w.org\/{rel}","templated":true}]}}