{"id":65,"date":"2020-12-30T13:54:58","date_gmt":"2020-12-30T12:54:58","guid":{"rendered":"http:\/\/pariserkommune.noblogs.org\/?page_id=65"},"modified":"2021-03-09T12:37:03","modified_gmt":"2021-03-09T11:37:03","slug":"unbekannte-kommunardinnen-biografien","status":"publish","type":"page","link":"https:\/\/pariserkommune.noblogs.org\/?page_id=65","title":{"rendered":"Unbekannte Kommunard*innen"},"content":{"rendered":"<div class=\"navi-box-c\">\n<div class=\"navi-box ta-start\"><a href=\"https:\/\/pariserkommune.noblogs.org\/?page_id=63\" rel=\"noopener\">&lt;&lt; Vorherige<\/a><\/div>\n<div class=\"navi-box ta-end\"><a href=\"https:\/\/pariserkommune.noblogs.org\/files\/2021\/03\/Roll-Up_13_web.pdf\" target=\"_blank\" rel=\"noopener\">PDF<\/a><\/div>\n<div class=\"navi-box ta-center\" style=\"color: red\">Deutsch<\/div>\n<div class=\"navi-box ta-start\"><a href=\"https:\/\/pariserkommune.noblogs.org\/?page_id=218\" rel=\"noopener\">English<\/a><\/div>\n<div class=\"navi-box ta-end\"><a href=\"https:\/\/pariserkommune.noblogs.org\/?page_id=73\" rel=\"noopener\">N\u00e4chste &gt;&gt;<\/a><\/div>\n<\/div>\n<div class=\"qblock\">Teure und strahlende Helden, je unbekannter eure Namen, desto tr\u00e4nenfeuchter das Auge, das euch begeistert betrachtet!<\/p>\n<div class=\"header-quote\">Andr\u00e9 L\u00e9o (1824-1900), Schriftstellerin, Sozialistin, Feministin, Exil in der Schweiz<\/div>\n<div class=\"quote-left\">\u201d<\/div>\n<div class=\"quote-right\">\u201c<\/div>\n<\/div>\n<p>Die Mitglieder des Rates der Kommune sind zumindest Interessierten bekannt. Sowohl ihre Namen wie auch ihre Biografien. Dasselbe gilt f\u00fcr die Journalist*innen, Herausgeber*innen von Zeitungen und Karikaturisten.<\/p>\n<p>Wer aber waren die 200.000 bei der Ausrufung der Kommune am 28. M\u00e4rz auf dem Rathausplatz von Paris? \u201eAlle diese Menschen, die nur eine Seele und einen Schrei haben: Es lebe die Kommune!\u201c wie Catulle Mend\u00e8s, ein Gegner der Kommune, schreibt. Wer waren diese Menschen, die die Kommune mit Leben f\u00fcllten und nicht selten mit demselben bezahlten? Wer die 300.000 bewaffneten Nationalgardisten? Die Tausenden in den Versammlungen der Roten Clubs und der Widerstandskomitees in den Bezirken? Die Kinder und Jugendlichen, die eigene Barrikaden gegen die konterrevolution\u00e4re Armee verteidigten? Die 20.000, die von den Herrschenden massakriert wurden?<\/p>\n<p>Von den 36.309 Angeklagten sind Namen, Geburtsdaten und Wohnort aus den Polizeiakten bekannt. Von einigen auch Biografien und Fotografien. Einige wenige wollen wir hier dem Vergessen entrei\u00dfen.<\/p>\n<div id=\"attachment_423\" style=\"width: 576px\" class=\"wp-caption aligncenter\"><a name=\"ref-01\" href=\"https:\/\/pariserkommune.noblogs.org\/files\/2021\/03\/13_01_01.jpg\"><img loading=\"lazy\" decoding=\"async\" aria-describedby=\"caption-attachment-423\" class=\"wp-image-423\" src=\"https:\/\/pariserkommune.noblogs.org\/files\/2021\/03\/13_01_01.jpg\" alt=\"\" width=\"566\" height=\"505\" srcset=\"https:\/\/pariserkommune.noblogs.org\/files\/2021\/03\/13_01_01.jpg 1077w, https:\/\/pariserkommune.noblogs.org\/files\/2021\/03\/13_01_01-300x268.jpg 300w, https:\/\/pariserkommune.noblogs.org\/files\/2021\/03\/13_01_01-1024x914.jpg 1024w, https:\/\/pariserkommune.noblogs.org\/files\/2021\/03\/13_01_01-768x685.jpg 768w, https:\/\/pariserkommune.noblogs.org\/files\/2021\/03\/13_01_01-336x300.jpg 336w\" sizes=\"auto, (max-width: 566px) 100vw, 566px\" \/><\/a><p id=\"caption-attachment-423\" class=\"wp-caption-text\">Kommunard*innen und Angeh\u00f6rige beim Abendessen im Innenhof des Justizministeriums. <a href=\"#01\">[1]<\/a><\/p><\/div>\n<div id=\"attachment_424\" style=\"width: 576px\" class=\"wp-caption aligncenter\"><a name=\"ref-02\" href=\"https:\/\/pariserkommune.noblogs.org\/files\/2021\/03\/13_02_01.jpg\"><img loading=\"lazy\" decoding=\"async\" aria-describedby=\"caption-attachment-424\" class=\"wp-image-424\" src=\"https:\/\/pariserkommune.noblogs.org\/files\/2021\/03\/13_02_01.jpg\" alt=\"\" width=\"566\" height=\"664\" srcset=\"https:\/\/pariserkommune.noblogs.org\/files\/2021\/03\/13_02_01.jpg 305w, https:\/\/pariserkommune.noblogs.org\/files\/2021\/03\/13_02_01-256x300.jpg 256w\" sizes=\"auto, (max-width: 566px) 100vw, 566px\" \/><\/a><p id=\"caption-attachment-424\" class=\"wp-caption-text\"><strong>Elisabeth R\u00e9tiffe<\/strong> (1834-1882)<br \/>Arbeitete als Kartonagenmacherin und beteiligte sich als Sanit\u00e4terin am Aufstand der Kommune. Sie kam ins Gef\u00e4ngnis Chantiers de Versailles wegen Tragens einer Waffe auf einer Demonstration und wurde nach Cayenne deportiert, wo sie starb. <a href=\"#02\">[2]<\/a><\/p><\/div>\n<div id=\"attachment_425\" style=\"width: 576px\" class=\"wp-caption aligncenter\"><a name=\"ref-03\" href=\"https:\/\/pariserkommune.noblogs.org\/files\/2021\/03\/13_02_02.jpg\"><img loading=\"lazy\" decoding=\"async\" aria-describedby=\"caption-attachment-425\" class=\"wp-image-425\" src=\"https:\/\/pariserkommune.noblogs.org\/files\/2021\/03\/13_02_02.jpg\" alt=\"\" width=\"566\" height=\"890\" srcset=\"https:\/\/pariserkommune.noblogs.org\/files\/2021\/03\/13_02_02.jpg 304w, https:\/\/pariserkommune.noblogs.org\/files\/2021\/03\/13_02_02-191x300.jpg 191w\" sizes=\"auto, (max-width: 566px) 100vw, 566px\" \/><\/a><p id=\"caption-attachment-425\" class=\"wp-caption-text\"><strong>Pierre Bourgeois<\/strong> (1848-1871)<br \/>Holzschuhmacher, mit 18 Jahren Eintritt in die Armee. Bei einem Einsatz gegen Streikende in Le Creusot verweigerte er den Befehl. Deswegen zu Gef\u00e4ngnis und Degradierung verurteilt. Als sein Regiment gegen die Kommune eingesetzt wurde, desertierte er und trat in die Nationalgarde ein, zum Unteroffizier gew\u00e4hlt. Nach der Blutigen Woche verhaftet, als Deserteur zusammen mit Th\u00e9ophile Ferr\u00e9 und Louis Rossel hingerichtet. <a href=\"#03\">[3]<\/a><\/p><\/div>\n<div id=\"attachment_426\" style=\"width: 576px\" class=\"wp-caption aligncenter\"><a name=\"ref-04\" href=\"https:\/\/pariserkommune.noblogs.org\/files\/2021\/03\/13_03_01.jpg\"><img loading=\"lazy\" decoding=\"async\" aria-describedby=\"caption-attachment-426\" class=\"wp-image-426\" src=\"https:\/\/pariserkommune.noblogs.org\/files\/2021\/03\/13_03_01.jpg\" alt=\"\" width=\"566\" height=\"667\" srcset=\"https:\/\/pariserkommune.noblogs.org\/files\/2021\/03\/13_03_01.jpg 304w, https:\/\/pariserkommune.noblogs.org\/files\/2021\/03\/13_03_01-255x300.jpg 255w\" sizes=\"auto, (max-width: 566px) 100vw, 566px\" \/><\/a><p id=\"caption-attachment-426\" class=\"wp-caption-text\"><strong>Eulalie Papavoine<\/strong> (1846-1875)<br \/>Schneiderin, nahm w\u00e4hrend des Aufstandes aktiv am Barrikadenkampf teil und versorgte als Sanit\u00e4terin auch Verletzte. Angeklagt wurde sie wegen Beteiligung am Aufstand sowie Pl\u00fcnderung und Brandstiftung. Sie bestritt einen Teil der Vorw\u00fcrfe, und erkl\u00e4rte, sie habe nur eine Ambulanz organisiert. Sie wurde ins Gef\u00e4ngnis nach Neukaledonien geschickt und ihre b\u00fcrgerlichen Rechte aberkannt. <a href=\"#04\">[4]<\/a><\/p><\/div>\n<div id=\"attachment_427\" style=\"width: 576px\" class=\"wp-caption aligncenter\"><a name=\"ref-05\" href=\"https:\/\/pariserkommune.noblogs.org\/files\/2021\/03\/13_03_02.jpg\"><img loading=\"lazy\" decoding=\"async\" aria-describedby=\"caption-attachment-427\" class=\"wp-image-427\" src=\"https:\/\/pariserkommune.noblogs.org\/files\/2021\/03\/13_03_02.jpg\" alt=\"\" width=\"566\" height=\"719\" srcset=\"https:\/\/pariserkommune.noblogs.org\/files\/2021\/03\/13_03_02.jpg 304w, https:\/\/pariserkommune.noblogs.org\/files\/2021\/03\/13_03_02-236x300.jpg 236w\" sizes=\"auto, (max-width: 566px) 100vw, 566px\" \/><\/a><p id=\"caption-attachment-427\" class=\"wp-caption-text\"><strong>Jules Bernaert<\/strong><br \/>Geboren 1840, Weber. Diente als Kanonier im 22. Infanterieregiment. W\u00e4hrend der Kommune als \u201eKommandant der Flotte\u201c und \u201eKapit\u00e4n eines Kanonenbootes\u201c bekannt. Zur Deportation nach Neukaledonien verurteilt, sp\u00e4ter amnestiert. <a href=\"#05\">[5]<\/a><\/p><\/div>\n<div id=\"attachment_428\" style=\"width: 576px\" class=\"wp-caption aligncenter\"><a name=\"ref-06\" href=\"https:\/\/pariserkommune.noblogs.org\/files\/2021\/03\/13_04_01.jpg\"><img loading=\"lazy\" decoding=\"async\" aria-describedby=\"caption-attachment-428\" class=\"wp-image-428\" src=\"https:\/\/pariserkommune.noblogs.org\/files\/2021\/03\/13_04_01.jpg\" alt=\"\" width=\"566\" height=\"897\" srcset=\"https:\/\/pariserkommune.noblogs.org\/files\/2021\/03\/13_04_01.jpg 304w, https:\/\/pariserkommune.noblogs.org\/files\/2021\/03\/13_04_01-189x300.jpg 189w\" sizes=\"auto, (max-width: 566px) 100vw, 566px\" \/><\/a><p id=\"caption-attachment-428\" class=\"wp-caption-text\"><strong>Marie Wolff<\/strong><br \/>Geboren 1849 in Bar-le-Duc (Meuse), Lumpensammlerin in Paris. In den Tagen der Kommune war sie Sanit\u00e4terin und transportierte Waffen. Berichten zufolge wurde sie gesehen, wie sie unter einer roten Fahne f\u00fcr die Befreiung von Gefangenen demonstrierte. 1872 zum Tode verurteilt wegen des Baus von Barrikaden und Verschw\u00f6rung zum Mord. Das Urteil wurde sp\u00e4ter umgewandelt in eine Gef\u00e4ngnisstrafe. <a href=\"#06\">[6]<\/a><\/p><\/div>\n<div id=\"attachment_429\" style=\"width: 576px\" class=\"wp-caption aligncenter\"><a name=\"ref-07\" href=\"https:\/\/pariserkommune.noblogs.org\/files\/2021\/03\/13_04_02.jpg\"><img loading=\"lazy\" decoding=\"async\" aria-describedby=\"caption-attachment-429\" class=\"wp-image-429\" src=\"https:\/\/pariserkommune.noblogs.org\/files\/2021\/03\/13_04_02.jpg\" alt=\"\" width=\"566\" height=\"706\" srcset=\"https:\/\/pariserkommune.noblogs.org\/files\/2021\/03\/13_04_02.jpg 304w, https:\/\/pariserkommune.noblogs.org\/files\/2021\/03\/13_04_02-241x300.jpg 241w\" sizes=\"auto, (max-width: 566px) 100vw, 566px\" \/><\/a><p id=\"caption-attachment-429\" class=\"wp-caption-text\"><strong> Beno\u00eet Bloquel<\/strong><br \/>Geboren 1826 in Paris, Dachdecker, verheiratet, zwei Kinder. Gef\u00e4ngnisstrafe wegen Beleidigung und Diebstahl. W\u00e4hrend der Kommune Nationalgardist des 159. Bataillons, am 23. Mai 1871 im Rathaus in der Rue Drouot (9. Arrondissement) gefangen genommen. Zur Deportation verurteilt. <a href=\"#07\">[7]<\/a><\/p><\/div>\n<div id=\"attachment_430\" style=\"width: 576px\" class=\"wp-caption aligncenter\"><a name=\"ref-08\" href=\"https:\/\/pariserkommune.noblogs.org\/files\/2021\/03\/13_05_01.jpg\"><img loading=\"lazy\" decoding=\"async\" aria-describedby=\"caption-attachment-430\" class=\"wp-image-430\" src=\"https:\/\/pariserkommune.noblogs.org\/files\/2021\/03\/13_05_01.jpg\" alt=\"\" width=\"566\" height=\"675\" srcset=\"https:\/\/pariserkommune.noblogs.org\/files\/2021\/03\/13_05_01.jpg 305w, https:\/\/pariserkommune.noblogs.org\/files\/2021\/03\/13_05_01-251x300.jpg 251w\" sizes=\"auto, (max-width: 566px) 100vw, 566px\" \/><\/a><p id=\"caption-attachment-430\" class=\"wp-caption-text\"><strong>Luise Boutinck<\/strong><br \/>Wurde im Januar 1872 zur Deportation nach Neukaledonien verurteilt. Sie hatte zwei T\u00f6chter, die bei ihrer R\u00fcckkehr im November 1881 inzwischen erwachsen waren. Sie starb vier Jahre sp\u00e4ter. <a href=\"#08\">[8]<\/a><\/p><\/div>\n<div id=\"attachment_431\" style=\"width: 576px\" class=\"wp-caption aligncenter\"><a name=\"ref-09\" href=\"https:\/\/pariserkommune.noblogs.org\/files\/2021\/03\/13_05_02.jpg\"><img loading=\"lazy\" decoding=\"async\" aria-describedby=\"caption-attachment-431\" class=\"wp-image-431\" src=\"https:\/\/pariserkommune.noblogs.org\/files\/2021\/03\/13_05_02.jpg\" alt=\"\" width=\"566\" height=\"681\" srcset=\"https:\/\/pariserkommune.noblogs.org\/files\/2021\/03\/13_05_02.jpg 304w, https:\/\/pariserkommune.noblogs.org\/files\/2021\/03\/13_05_02-249x300.jpg 249w\" sizes=\"auto, (max-width: 566px) 100vw, 566px\" \/><\/a><p id=\"caption-attachment-431\" class=\"wp-caption-text\"><strong>Jean Bareletti<\/strong><br \/>Geboren 1842 in Domodossola (Italien), Ofensetzer, ledig. Nationalgardist im 106. Bataillon, Teilnahme an zahlreichen K\u00e4mpfen. Zur Deportation nach Neukaledonien verurteilt. 1878 Straferlass wegen guter F\u00fchrung und R\u00fcckkehr nach Frankreich. <a href=\"#09\">[9]<\/a><\/p><\/div>\n<div id=\"attachment_432\" style=\"width: 576px\" class=\"wp-caption aligncenter\"><a name=\"ref-10\" href=\"https:\/\/pariserkommune.noblogs.org\/files\/2021\/03\/13_06_01.jpg\"><img loading=\"lazy\" decoding=\"async\" aria-describedby=\"caption-attachment-432\" class=\"wp-image-432\" src=\"https:\/\/pariserkommune.noblogs.org\/files\/2021\/03\/13_06_01.jpg\" alt=\"\" width=\"566\" height=\"737\" srcset=\"https:\/\/pariserkommune.noblogs.org\/files\/2021\/03\/13_06_01.jpg 304w, https:\/\/pariserkommune.noblogs.org\/files\/2021\/03\/13_06_01-230x300.jpg 230w\" sizes=\"auto, (max-width: 566px) 100vw, 566px\" \/><\/a><p id=\"caption-attachment-432\" class=\"wp-caption-text\"><strong>Fran\u00e7ois David<\/strong><br \/>Geboren 1835, Maurer, verheiratet, zwei Kinder. Mitglied der Internationalen Arbeiterassoziation und der Bezirks-Kommission, die die Guillotine verbrannte. Pr\u00e4sident des Klubs Le Proletaire in der Kirche Saint-Ambroise. In Abwesenheit zum Tod, dann zur Deportation nach Neukaledonien verurteilt, 1879 amnestiert. <a href=\"#10\">[10]<\/a><\/p><\/div>\n<div id=\"attachment_433\" style=\"width: 576px\" class=\"wp-caption aligncenter\"><a name=\"ref-11\" href=\"https:\/\/pariserkommune.noblogs.org\/files\/2021\/03\/13_06_02.jpg\"><img loading=\"lazy\" decoding=\"async\" aria-describedby=\"caption-attachment-433\" class=\"wp-image-433\" src=\"https:\/\/pariserkommune.noblogs.org\/files\/2021\/03\/13_06_02.jpg\" alt=\"\" width=\"566\" height=\"827\" srcset=\"https:\/\/pariserkommune.noblogs.org\/files\/2021\/03\/13_06_02.jpg 304w, https:\/\/pariserkommune.noblogs.org\/files\/2021\/03\/13_06_02-205x300.jpg 205w\" sizes=\"auto, (max-width: 566px) 100vw, 566px\" \/><\/a><p id=\"caption-attachment-433\" class=\"wp-caption-text\"><strong>Lise Pauline S\u00e9ret <\/strong><br \/>Geboren 1825, W\u00e4scherin. Im Juni 1871 verhaftet wegen Beteiligung an einem Attentat und einer Geiselnahme. Nach wenigen Tagen wurde sie entlassen, im Juli jedoch erneut verhaftet und zur Zwangsarbeit verurteilt. <a href=\"#11\">[11]<\/a><\/p><\/div>\n<div id=\"attachment_434\" style=\"width: 576px\" class=\"wp-caption aligncenter\"><a name=\"ref-12\" href=\"https:\/\/pariserkommune.noblogs.org\/files\/2021\/03\/13_07_01.jpg\"><img loading=\"lazy\" decoding=\"async\" aria-describedby=\"caption-attachment-434\" class=\"wp-image-434\" src=\"https:\/\/pariserkommune.noblogs.org\/files\/2021\/03\/13_07_01.jpg\" alt=\"\" width=\"566\" height=\"912\" srcset=\"https:\/\/pariserkommune.noblogs.org\/files\/2021\/03\/13_07_01.jpg 304w, https:\/\/pariserkommune.noblogs.org\/files\/2021\/03\/13_07_01-186x300.jpg 186w\" sizes=\"auto, (max-width: 566px) 100vw, 566px\" \/><\/a><p id=\"caption-attachment-434\" class=\"wp-caption-text\"><strong>Charles Carme<\/strong> (1853-1871)<br \/>Arbeitete als Schlosser, Kommunarde. Als er auf seinen Prozess wartete starb er in Haft im Hafen von Brest an Bord des Pontons (Gef\u00e4ngnisschiffes) La Renomm\u00e9e. <a href=\"#12\">[12]<\/a><\/p><\/div>\n<h2>Enfants perdus \u2013 die verlorenen Kinder der Kommune<\/h2>\n<div class=\"qblock\">&#8230;sehen wir die letzte Gruppe von Verteidigern der Barrikade fliehen, vier oder f\u00fcnf vierzehnj\u00e4hrige Jungen&#8230;<\/p>\n<div class=\"header-quote\">Edmond de Goncourt, Tagebuch vom 23. Mai 1871.<\/div>\n<div class=\"quote-left\">\u201d<\/div>\n<div class=\"quote-right\">\u201c<\/div>\n<\/div>\n<p>2.000 bis 3.000 Jungen, von M\u00e4dchen ist nichts bekannt, beteiligten sich an den K\u00e4mpfen der Kommune. Andere Sch\u00e4tzungen gehen sogar von Zehntausenden aus, die auf die eine oder andere Weise teilnahmen. Bereits im Belagerungswinter 1870\/71 jagten Kinder und Jugendliche Hunde und Katzen, die sie an Metzger verkauften, andere schmuggelten Tabak.<\/p>\n<p>Drei Bataillone der Nationalgarde bestanden zu 80 % aus Jugendlichen. Auch in vielen anderen Bataillonen k\u00e4mpften Jugendliche zwischen 14 und 17 Jahren, manche auch j\u00fcnger. Gr\u00fcnde waren die wirtschaftliche Not, famili\u00e4re Bindungen, aber auch die Politisierung vor und w\u00e4hrend der Kommune. Sie haben an der Verteidigung von etwa f\u00fcnfzehn Barrikaden teilgenommen, eine wurde nur von Jugendlichen verteidigt. 651 Kinder und Jugendliche wurden verhaftet. Wie viele get\u00f6tet wurden, ist nicht bekannt, aber die Regierung kannte auch bei Kindern keine Gnade.<\/p>\n<p><img loading=\"lazy\" decoding=\"async\" class=\"youth-img\" src=\"https:\/\/pariserkommune.noblogs.org\/files\/2021\/03\/marie_laurent.jpg\" alt=\"\" width=\"257\" height=\"117\" \/><\/p>\n<div class=\"youth-text youth-13\"><strong>Marie:<\/strong> Ich w\u00fcrde auch gern eine Heldin sein und an den Barrikaden k\u00e4mpfen aber Mama sagt, ich sei zu jung daf\u00fcr. Hast du von L\u00e9on Drouet geh\u00f6rt? Der ist auch erst 11 Jahre alt und hat sich bei der 6. Kompanie gemeldet.<br \/>\n<strong>Laurent:<\/strong> Ja, und auch ihm haben sie gesagt, er sei viel zu jung.<br \/>\n<strong>Marie:<\/strong> Aber zum Trost hat er eine Uniform der Nationalgarde bekommen. Und was mache ich? Ich renne den ganzen Tag nur herum.<br \/>\n<strong>Laurent:<\/strong> Marie, h\u00f6r mir gut zu: Du \u00fcberbringst Botschaften von einer Stra\u00dfenbarrikade zur anderen. Jede Aufgabe z\u00e4hlt gleichviel f\u00fcr die Kommune. Niemand ist hier besser oder schlechter. Informationen sind genauso wichtig wie Kanonen.<\/div>\n<div class=\"navi-box-c navi-bottom\">\n<div class=\"navi-box ta-start\"><a href=\"https:\/\/pariserkommune.noblogs.org\/?page_id=63\" rel=\"noopener\">&lt;&lt; Vorherige<\/a><\/div>\n<div class=\"navi-box ta-end\"><a href=\"https:\/\/pariserkommune.noblogs.org\/files\/2021\/03\/Roll-Up_13_web.pdf\" target=\"_blank\" rel=\"noopener\">PDF<\/a><\/div>\n<div class=\"navi-box ta-center\" style=\"color: red\">Deutsch<\/div>\n<div class=\"navi-box ta-start\"><a href=\"https:\/\/pariserkommune.noblogs.org\/?page_id=218\" rel=\"noopener\">English<\/a><\/div>\n<div class=\"navi-box ta-end\"><a href=\"https:\/\/pariserkommune.noblogs.org\/?page_id=73\" rel=\"noopener\">N\u00e4chste &gt;&gt;<\/a><\/div>\n<\/div>\n<div class=\"ref-box\">\n <strong>Bildreferenzen:<\/strong><br \/>\n <a name=\"01\" class=\"ref-link\" href=\"#ref-01\">[1] CC0 commons.wikimedia.org<\/a><br \/>\n <a name=\"02\" class=\"ref-link\" href=\"#ref-02\">[2] Les Amies et Amis de la Commune de Paris 1871<\/a><br \/>\n <a name=\"03\" class=\"ref-link\" href=\"#ref-03\">[3] jeanpaulachard.com<\/a><br \/>\n <a name=\"04\" class=\"ref-link\" href=\"#ref-04\">[4] Les Amies et Amis de la Commune de Paris 1871<\/a><br \/>\n <a name=\"05\" class=\"ref-link\" href=\"#ref-05\">[5] Verlag des Ministeriums f\u00fcr nationale Verteidigung, Warschau, 1955<\/a><br \/>\n <a name=\"06\" class=\"ref-link\" href=\"#ref-06\">[6] Les Amies et Amis de la Commune de Paris 1871<\/a><br \/>\n <a name=\"07\" class=\"ref-link\" href=\"#ref-07\">[7] maitron.fr\/?article53093<\/a><br \/>\n <a name=\"08\" class=\"ref-link\" href=\"#ref-08\">[8] Les Amies et Amis de la Commune de Paris 1871<\/a><br \/>\n <a name=\"09\" class=\"ref-link\" href=\"#ref-09\">[9] maitron.fr\/?article51841<\/a><br \/>\n <a name=\"10\" class=\"ref-link\" href=\"#ref-10\">[10] jeanpaulachard.com<\/a><br \/>\n <a name=\"11\" class=\"ref-link\" href=\"#ref-11\">[11] Les Amies et Amis de la Commune de Paris 1871<\/a><br \/>\n <a name=\"12\" class=\"ref-link\" href=\"#ref-12\">[12] Les Amies et Amis de la Commune de Paris 1871<\/a>\n<\/div>\n","protected":false},"excerpt":{"rendered":"<p>&lt;&lt; Vorherige PDF Deutsch English N\u00e4chste &gt;&gt; Teure und strahlende Helden, je unbekannter eure Namen, desto tr\u00e4nenfeuchter das Auge, das euch begeistert betrachtet! Andr\u00e9 L\u00e9o (1824-1900), Schriftstellerin, Sozialistin, Feministin, Exil in der Schweiz \u201d \u201c Die Mitglieder des Rates der &hellip; <a href=\"https:\/\/pariserkommune.noblogs.org\/?page_id=65\">Weiterlesen <span class=\"meta-nav\">&rarr;<\/span><\/a><\/p>\n","protected":false},"author":15881,"featured_media":0,"parent":0,"menu_order":0,"comment_status":"closed","ping_status":"closed","template":"","meta":{"_locale":"de_DE","_original_post":"http:\/\/pariserkommune.noblogs.org\/?page_id=65","footnotes":""},"class_list":["post-65","page","type-page","status-publish","hentry","de-DE"],"_links":{"self":[{"href":"https:\/\/pariserkommune.noblogs.org\/index.php?rest_route=\/wp\/v2\/pages\/65","targetHints":{"allow":["GET"]}}],"collection":[{"href":"https:\/\/pariserkommune.noblogs.org\/index.php?rest_route=\/wp\/v2\/pages"}],"about":[{"href":"https:\/\/pariserkommune.noblogs.org\/index.php?rest_route=\/wp\/v2\/types\/page"}],"author":[{"embeddable":true,"href":"https:\/\/pariserkommune.noblogs.org\/index.php?rest_route=\/wp\/v2\/users\/15881"}],"replies":[{"embeddable":true,"href":"https:\/\/pariserkommune.noblogs.org\/index.php?rest_route=%2Fwp%2Fv2%2Fcomments&post=65"}],"version-history":[{"count":17,"href":"https:\/\/pariserkommune.noblogs.org\/index.php?rest_route=\/wp\/v2\/pages\/65\/revisions"}],"predecessor-version":[{"id":608,"href":"https:\/\/pariserkommune.noblogs.org\/index.php?rest_route=\/wp\/v2\/pages\/65\/revisions\/608"}],"wp:attachment":[{"href":"https:\/\/pariserkommune.noblogs.org\/index.php?rest_route=%2Fwp%2Fv2%2Fmedia&parent=65"}],"curies":[{"name":"wp","href":"https:\/\/api.w.org\/{rel}","templated":true}]}}