{"id":57,"date":"2020-12-30T13:52:45","date_gmt":"2020-12-30T12:52:45","guid":{"rendered":"http:\/\/pariserkommune.noblogs.org\/?page_id=57"},"modified":"2021-03-06T16:34:59","modified_gmt":"2021-03-06T15:34:59","slug":"stadt-selber-machen","status":"publish","type":"page","link":"https:\/\/pariserkommune.noblogs.org\/?page_id=57","title":{"rendered":"Paris regiert sich selbst &#8211; Stadt selbst machen"},"content":{"rendered":"<div class=\"navi-box-c\">\n<div class=\"navi-box ta-start\"><a href=\"https:\/\/pariserkommune.noblogs.org\/?page_id=55\" rel=\"noopener\">&lt;&lt; Vorherige<\/a><\/div>\n<div class=\"navi-box ta-end\"><a href=\"https:\/\/pariserkommune.noblogs.org\/files\/2021\/03\/Roll-Up_06_web.pdf\" target=\"_blank\" rel=\"noopener\">PDF<\/a><\/div>\n<div class=\"navi-box ta-center\" style=\"color: red\">Deutsch<\/div>\n<div class=\"navi-box ta-start\"><a href=\"https:\/\/pariserkommune.noblogs.org\/?page_id=200\" rel=\"noopener\">English<\/a><\/div>\n<div class=\"navi-box ta-end\"><a href=\"https:\/\/pariserkommune.noblogs.org\/?page_id=59\" rel=\"noopener\">N\u00e4chste &gt;&gt;<\/a><\/div>\n<\/div>\n<div class=\"qblock\">Die erste Stadt der Welt stand nicht nur vor dem Unbekannten, sondern geh\u00f6rte auch<br \/>\nunbekannten Leuten.<\/p>\n<div class=\"header-quote\">Arthur Arnould (1833-1895), Journalist, Rat der Kommune, zur Deportation verurteilt, Exil in der Schweiz<\/div>\n<div class=\"quote-left\">\u201d<\/div>\n<div class=\"quote-right\">\u201c<\/div>\n<\/div>\n<div id=\"attachment_332\" style=\"width: 2249px\" class=\"wp-caption aligncenter\"><a name=\"ref-01\" href=\"https:\/\/pariserkommune.noblogs.org\/files\/2021\/03\/06_01_01.jpg\"><img loading=\"lazy\" decoding=\"async\" aria-describedby=\"caption-attachment-332\" class=\"wp-image-332 size-full\" src=\"https:\/\/pariserkommune.noblogs.org\/files\/2021\/03\/06_01_01.jpg\" alt=\"\" width=\"2239\" height=\"961\" srcset=\"https:\/\/pariserkommune.noblogs.org\/files\/2021\/03\/06_01_01.jpg 2239w, https:\/\/pariserkommune.noblogs.org\/files\/2021\/03\/06_01_01-300x129.jpg 300w, https:\/\/pariserkommune.noblogs.org\/files\/2021\/03\/06_01_01-1024x440.jpg 1024w, https:\/\/pariserkommune.noblogs.org\/files\/2021\/03\/06_01_01-768x330.jpg 768w, https:\/\/pariserkommune.noblogs.org\/files\/2021\/03\/06_01_01-1536x659.jpg 1536w, https:\/\/pariserkommune.noblogs.org\/files\/2021\/03\/06_01_01-2048x879.jpg 2048w, https:\/\/pariserkommune.noblogs.org\/files\/2021\/03\/06_01_01-500x215.jpg 500w\" sizes=\"auto, (max-width: 2239px) 100vw, 2239px\" \/><\/a><p id=\"caption-attachment-332\" class=\"wp-caption-text\">Sitzung des Rates der Kommune im Stadthaus von Paris <a href=\"#01\">[1]<\/a><\/p><\/div>\n<p>Nach der Macht\u00fcbernahme der Kommune floh die b\u00fcrgerliche Regierung und ein Gro\u00dfteil des B\u00fcrgertums nach Versailles. Den Beamten in der Verwaltung drohte die Regierung mit Entlassung, sollten sie in Paris bleiben. So verlie\u00dfen \u00be des Verwaltungsapparates, rund 75.000 Beamte, ebenfalls die Stadt. Dabei nahmen sie Stempel und Dienstsiegel, Akten und Amtskassen mit. Die Gro\u00dfstadt Paris mit ihren verbliebenen 1,6 Millionen Menschen war gel\u00e4hmt.<\/p>\n<p>Die Kommune musste so schnell wie m\u00f6glich lebenswichtige \u00f6ffentliche Dienstleistungen wie Gesundheit, Ern\u00e4hrung, Bildung, Sicherheit, Feuerwehr usw. gew\u00e4hrleisten. Hierzu richtete sie neun Kommissionen ein, die die neuen Leiter der Verwaltung ernannten. Das Ideal, die Wahl der Leiter durch die Arbeiter*innen, konnte sie aufgrund des Zeitdrucks nicht erf\u00fcllen. Aber es gab viele soziale Verbesserungen. Das H\u00f6chstgehalt f\u00fcr Beamte wurde auf 6000 Franc im Jahr festgesetzt. Das entsprach einem Facharbeitergehalt und war weniger als ein Zehntel des Gehalts der geflohenen Verwaltungschefs. Ein Mindestlohn und Ans\u00e4tze von Selbstverwaltung wie Arbeiterr\u00e4te wurden eingef\u00fchrt. Die Bez\u00fcge von M\u00e4nnern und Frauen wurden angeglichen, Privilegien und \u00c4mterh\u00e4ufung abgeschafft.<\/p>\n<div id=\"attachment_334\" style=\"width: 310px\" class=\"wp-caption alignright\"><a name=\"ref-02\" href=\"https:\/\/pariserkommune.noblogs.org\/files\/2021\/03\/06_03_01.jpg\"><img loading=\"lazy\" decoding=\"async\" aria-describedby=\"caption-attachment-334\" class=\"wp-image-334 size-medium\" src=\"https:\/\/pariserkommune.noblogs.org\/files\/2021\/03\/06_03_01-300x215.jpg\" alt=\"\" width=\"300\" height=\"215\" srcset=\"https:\/\/pariserkommune.noblogs.org\/files\/2021\/03\/06_03_01-300x215.jpg 300w, https:\/\/pariserkommune.noblogs.org\/files\/2021\/03\/06_03_01-419x300.jpg 419w, https:\/\/pariserkommune.noblogs.org\/files\/2021\/03\/06_03_01.jpg 496w\" sizes=\"auto, (max-width: 300px) 100vw, 300px\" \/><\/a><p id=\"caption-attachment-334\" class=\"wp-caption-text\">Verteilung von Lebensmitteln. Diese zu beschaffen und die Preise niedrig zu halten war die wichtigste Aufgabe der Versorgungskommission unter dem Delegierten August Viard. <a href=\"#02\">[2]<\/a><\/p><\/div>\n<p>Der Buchbinder Varlin wurde zust\u00e4ndig f\u00fcr die Finanzen, dem Graveur Theiz oblag das Postwesen und der Bronzearbeiter Cam\u00e9linat r\u00fcckte an die Spitze der M\u00fcnzpr\u00e4geanstalt. Theiz brachte den Postbetrieb innerhalb von 48 Stunden wieder in Gang und die M\u00fcnze konnte sogar ihre Arbeitsmethoden verbessern.<\/p>\n<p>Eine Bildungsreform sollte eine berufliche, s\u00e4kulare und freie Bildung, einschlie\u00dflich Kunst und Kultur, f\u00fcr M\u00e4dchen und Jungen erm\u00f6glichen. Inklusive Schulkantine und Verteilung von Schuhen und warmer Kleidung. Camille Treilhard begann den Gesundheitsdienst zu reorganisieren \u2013 weg von kirchlicher Wohlt\u00e4tigkeit hin zu sozialstaatlichem Anrecht. Er konnte seine Arbeit nicht vollenden. Am 24. Mai wurde er von Regierungstruppen verhaftet und ermordet. Die wenigen Wochen der Kommune zeigten: Arbeiter*innen und Beamtenproletariat konnten das \u00f6ffentliche Leben selbst am Laufen halten.<\/p>\n<h2>Kommissionen (\u201eMinisterien\u201c) der Kommune<\/h2>\n<p><a href=\"https:\/\/pariserkommune.noblogs.org\/files\/2021\/03\/06_02_01.jpg\"><img loading=\"lazy\" decoding=\"async\" class=\"borderless aligncenter wp-image-333 size-full\" src=\"https:\/\/pariserkommune.noblogs.org\/files\/2021\/03\/06_02_01.jpg\" alt=\"\" width=\"666\" height=\"658\" srcset=\"https:\/\/pariserkommune.noblogs.org\/files\/2021\/03\/06_02_01.jpg 666w, https:\/\/pariserkommune.noblogs.org\/files\/2021\/03\/06_02_01-300x296.jpg 300w, https:\/\/pariserkommune.noblogs.org\/files\/2021\/03\/06_02_01-304x300.jpg 304w\" sizes=\"auto, (max-width: 666px) 100vw, 666px\" \/><\/a><\/p>\n<div id=\"attachment_335\" style=\"width: 576px\" class=\"wp-caption aligncenter\"><a name=\"ref-03\" href=\"https:\/\/pariserkommune.noblogs.org\/files\/2021\/03\/06_03_02.jpg\"><img loading=\"lazy\" decoding=\"async\" aria-describedby=\"caption-attachment-335\" class=\"wp-image-335\" src=\"https:\/\/pariserkommune.noblogs.org\/files\/2021\/03\/06_03_02.jpg\" alt=\"\" width=\"566\" height=\"830\" srcset=\"https:\/\/pariserkommune.noblogs.org\/files\/2021\/03\/06_03_02.jpg 496w, https:\/\/pariserkommune.noblogs.org\/files\/2021\/03\/06_03_02-205x300.jpg 205w\" sizes=\"auto, (max-width: 566px) 100vw, 566px\" \/><\/a><p id=\"caption-attachment-335\" class=\"wp-caption-text\">Die Nationalgarde beschlagnahmte die Staatsdruckerei. Dort wurden die wichtigsten Kommunikationsmittel, die Plakate, hergestellt. 900 Arbeiter druckten w\u00e4hrend der Kommune 399 unterschiedliche Plakatmotive. 5 bis 6 verschiedene pro Tag, jeweils mit einer Auflage von mehreren tausend. 50 Plakatkleber waren st\u00e4ndig im Einsatz. Plakat zu den Wahlen am 26. M\u00e4rz, Auszug: \u201eVergesst nicht, dass diejenigen Menschen Euch am besten dienen werden, die Ihr aus eurer eigenen Mitte w\u00e4hlen werdet, die das gleiche Leben wie ihr f\u00fchren und die gleichen Leiden ertragen, wie ihr.\u201c <a href=\"#03\">[3]<\/a><\/p><\/div>\n<p><img loading=\"lazy\" decoding=\"async\" class=\"youth-img\" src=\"https:\/\/pariserkommune.noblogs.org\/files\/2021\/03\/marie_laurent.jpg\" alt=\"\" width=\"257\" height=\"117\" \/><\/p>\n<div class=\"youth-text youth-06\"><strong>Laurent:<\/strong> Soll ich dir was verraten? Ich vermisse es zu lernen. Aber ich habe geh\u00f6rt, es gibt Pl\u00e4ne, Berufsschulen zu gr\u00fcnden. Stell dir vor, eigene Schulen in unserer Kommune. Mit warmen Essen, warmer Kleidung und allem! F\u00fcr M\u00e4dchen und Jungen! Endlich gemeinsames Lernen, ohne Angst vor Strafen oder dem Martinet, dieser f\u00fcrchterlichen Klopfpeitsche.<br \/>\n<strong>Marie:<\/strong> Laurent! Ich wei\u00df was: Louise Michel ist Lehrerin. Vielleicht wird sie ja wieder Lehrerin an einer dieser Schulen sein, wenn wir gesiegt haben.<br \/>\n<strong>Laurent:<\/strong> Echt? Eine Lehrerin in Gardistenuniform? Toll!<\/div>\n<div class=\"navi-box-c navi-bottom\">\n<div class=\"navi-box ta-start\"><a href=\"https:\/\/pariserkommune.noblogs.org\/?page_id=55\" rel=\"noopener\">&lt;&lt; Vorherige<\/a><\/div>\n<div class=\"navi-box ta-end\"><a href=\"https:\/\/pariserkommune.noblogs.org\/files\/2021\/03\/Roll-Up_06_web.pdf\" target=\"_blank\" rel=\"noopener\">PDF<\/a><\/div>\n<div class=\"navi-box ta-center\" style=\"color: red\">Deutsch<\/div>\n<div class=\"navi-box ta-start\"><a href=\"https:\/\/pariserkommune.noblogs.org\/?page_id=200\" rel=\"noopener\">English<\/a><\/div>\n<div class=\"navi-box ta-end\"><a href=\"https:\/\/pariserkommune.noblogs.org\/?page_id=59\" rel=\"noopener\">N\u00e4chste &gt;&gt;<\/a><\/div>\n<\/div>\n<div class=\"ref-box\">\n <strong>Bildreferenzen:<\/strong><br \/>\n <a name=\"01\" class=\"ref-link\" href=\"#ref-01\">[1] CC0 commons.wikimedia.org<\/a><br \/>\n <a name=\"02\" class=\"ref-link\" href=\"#ref-02\">[2] Verlag des Ministeriums f\u00fcr nationale Verteidigung, Warschau, 1955<\/a><br \/>\n <a name=\"03\" class=\"ref-link\" href=\"#ref-03\">[3] Verlag des Ministeriums f\u00fcr nationale Verteidigung, Warschau, 1955<\/a>\n<\/div>\n","protected":false},"excerpt":{"rendered":"<p>&lt;&lt; Vorherige PDF Deutsch English N\u00e4chste &gt;&gt; Die erste Stadt der Welt stand nicht nur vor dem Unbekannten, sondern geh\u00f6rte auch unbekannten Leuten. Arthur Arnould (1833-1895), Journalist, Rat der Kommune, zur Deportation verurteilt, Exil in der Schweiz \u201d \u201c Nach &hellip; <a href=\"https:\/\/pariserkommune.noblogs.org\/?page_id=57\">Weiterlesen <span class=\"meta-nav\">&rarr;<\/span><\/a><\/p>\n","protected":false},"author":15881,"featured_media":0,"parent":0,"menu_order":0,"comment_status":"closed","ping_status":"closed","template":"","meta":{"_locale":"de_DE","_original_post":"http:\/\/pariserkommune.noblogs.org\/?page_id=57","footnotes":""},"class_list":["post-57","page","type-page","status-publish","hentry","de-DE"],"_links":{"self":[{"href":"https:\/\/pariserkommune.noblogs.org\/index.php?rest_route=\/wp\/v2\/pages\/57","targetHints":{"allow":["GET"]}}],"collection":[{"href":"https:\/\/pariserkommune.noblogs.org\/index.php?rest_route=\/wp\/v2\/pages"}],"about":[{"href":"https:\/\/pariserkommune.noblogs.org\/index.php?rest_route=\/wp\/v2\/types\/page"}],"author":[{"embeddable":true,"href":"https:\/\/pariserkommune.noblogs.org\/index.php?rest_route=\/wp\/v2\/users\/15881"}],"replies":[{"embeddable":true,"href":"https:\/\/pariserkommune.noblogs.org\/index.php?rest_route=%2Fwp%2Fv2%2Fcomments&post=57"}],"version-history":[{"count":13,"href":"https:\/\/pariserkommune.noblogs.org\/index.php?rest_route=\/wp\/v2\/pages\/57\/revisions"}],"predecessor-version":[{"id":576,"href":"https:\/\/pariserkommune.noblogs.org\/index.php?rest_route=\/wp\/v2\/pages\/57\/revisions\/576"}],"wp:attachment":[{"href":"https:\/\/pariserkommune.noblogs.org\/index.php?rest_route=%2Fwp%2Fv2%2Fmedia&parent=57"}],"curies":[{"name":"wp","href":"https:\/\/api.w.org\/{rel}","templated":true}]}}