{"id":48,"date":"2020-12-30T13:47:28","date_gmt":"2020-12-30T12:47:28","guid":{"rendered":"http:\/\/pariserkommune.noblogs.org\/?page_id=48"},"modified":"2021-03-09T12:01:46","modified_gmt":"2021-03-09T11:01:46","slug":"historischer-ablauf-der-kommune","status":"publish","type":"page","link":"https:\/\/pariserkommune.noblogs.org\/?page_id=48","title":{"rendered":"Der 18. M\u00e4rz 1871 in Paris"},"content":{"rendered":"<div class=\"navi-box-c\">\n<div class=\"navi-box ta-start\"><a href=\"https:\/\/pariserkommune.noblogs.org\/?page_id=46\" rel=\"noopener\">&lt;&lt; Vorherige<\/a><\/div>\n<div class=\"navi-box ta-end\"><a href=\"https:\/\/pariserkommune.noblogs.org\/files\/2021\/03\/Roll-Up_03_web.pdf\" target=\"_blank\" rel=\"noopener\">PDF<\/a><\/div>\n<div class=\"navi-box ta-center\" style=\"color: red\">Deutsch<\/div>\n<div class=\"navi-box ta-start\"><a href=\"https:\/\/pariserkommune.noblogs.org\/?page_id=196\" rel=\"noopener\">English<\/a><\/div>\n<div class=\"navi-box ta-end\"><a href=\"https:\/\/pariserkommune.noblogs.org\/?page_id=53\" rel=\"noopener\">N\u00e4chste &gt;&gt;<\/a><\/div>\n<\/div>\n<div class=\"qblock\">\n<p>Die Proletarier von Paris&#8230;haben begriffen&#8230;sich zu Herren ihrer eigenen Geschicke zu machen und die Regierungsgewalt zu ergreifen.<\/p>\n<div class=\"header-quote\">Manifest des Zentralkomitees der Nationalgarde, 18. M\u00e4rz 1871<\/div>\n<div class=\"quote-left\">\u201d<\/div>\n<div class=\"quote-right\">\u201c<\/div>\n<\/div>\n<div id=\"attachment_308\" style=\"width: 594px\" class=\"wp-caption aligncenter\"><a name=\"ref-01\" href=\"https:\/\/pariserkommune.noblogs.org\/files\/2021\/03\/03_01_01.jpg\"><img loading=\"lazy\" decoding=\"async\" aria-describedby=\"caption-attachment-308\" class=\"wp-image-308 size-large\" src=\"https:\/\/pariserkommune.noblogs.org\/files\/2021\/03\/03_01_01-1024x564.jpg\" alt=\"\" width=\"584\" height=\"322\" srcset=\"https:\/\/pariserkommune.noblogs.org\/files\/2021\/03\/03_01_01-1024x564.jpg 1024w, https:\/\/pariserkommune.noblogs.org\/files\/2021\/03\/03_01_01-300x165.jpg 300w, https:\/\/pariserkommune.noblogs.org\/files\/2021\/03\/03_01_01-768x423.jpg 768w, https:\/\/pariserkommune.noblogs.org\/files\/2021\/03\/03_01_01-1536x847.jpg 1536w, https:\/\/pariserkommune.noblogs.org\/files\/2021\/03\/03_01_01-500x276.jpg 500w, https:\/\/pariserkommune.noblogs.org\/files\/2021\/03\/03_01_01.jpg 1658w\" sizes=\"auto, (max-width: 584px) 100vw, 584px\" \/><\/a><p id=\"caption-attachment-308\" class=\"wp-caption-text\">The Paris Commune \u2013 A Story in Pictures by William Siegel, New York, 1932, John Reed Club, S. 14\/15. Es wurde der Versuch unternommen, die Kanonen zu erobern. Der Alarm wurde ausgel\u00f6st: Die ganze Stadt der Arbeiter, Frauen wie M\u00e4nner, stellte sich zu ihrer Verteidigung. Und die Regierungstruppen verbr\u00fcderten sich eher mit den Verteidigern als sie anzugreifen. <a href=\"#01\">[1]<\/a><\/p><\/div>\n<div id=\"attachment_309\" style=\"width: 250px\" class=\"wp-caption alignleft\"><a name=\"ref-02\" href=\"https:\/\/pariserkommune.noblogs.org\/files\/2021\/03\/03_02_01.jpg\"><img loading=\"lazy\" decoding=\"async\" aria-describedby=\"caption-attachment-309\" class=\"wp-image-309 size-medium\" src=\"https:\/\/pariserkommune.noblogs.org\/files\/2021\/03\/03_02_01-240x300.jpg\" alt=\"\" width=\"240\" height=\"300\" srcset=\"https:\/\/pariserkommune.noblogs.org\/files\/2021\/03\/03_02_01-240x300.jpg 240w, https:\/\/pariserkommune.noblogs.org\/files\/2021\/03\/03_02_01.jpg 496w\" sizes=\"auto, (max-width: 240px) 100vw, 240px\" \/><\/a><p id=\"caption-attachment-309\" class=\"wp-caption-text\">Vor dem deutsch-franz\u00f6sischen Krieg f\u00fchrte die Pariser Polizei Massenverhaftungen unter den einer kriegsfeindlichen Stimmung \u201everd\u00e4chtigen\u201c Einwohner*innen durch. <a href=\"#02\">[2]<\/a><\/p><\/div>\n<p>Die Herrschaft Napoleons III endete am 2. September 1870 mit der milit\u00e4rischen Niederlage der bonapartistischen Armee und der Gefangennahme des Kaisers im Krieg gegen den Rivalen Preu\u00dfen. In Paris erfolgte am 4. September 1870 die Ausrufung der dritten Republik und Bildung einer Regierung der nationalen Verteidigung mit dem Bourgeois Adolphe Thiers an der Spitze.<\/p>\n<p>Zur Verteidigung Paris\u2018 wurde die Nationalgarde um Hunderttausende Arbeiter aufgestockt. Bisher aus dem B\u00fcrgertum gebildet, wurde sie zu einer bewaffneten Arbeitermacht.<\/p>\n<div id=\"attachment_310\" style=\"width: 576px\" class=\"wp-caption aligncenter\"><a name=\"ref-03\" href=\"https:\/\/pariserkommune.noblogs.org\/files\/2021\/03\/03_03_01.jpg\"><img loading=\"lazy\" decoding=\"async\" aria-describedby=\"caption-attachment-310\" class=\"wp-image-310\" src=\"https:\/\/pariserkommune.noblogs.org\/files\/2021\/03\/03_03_01.jpg\" alt=\"\" width=\"566\" height=\"380\" srcset=\"https:\/\/pariserkommune.noblogs.org\/files\/2021\/03\/03_03_01.jpg 496w, https:\/\/pariserkommune.noblogs.org\/files\/2021\/03\/03_03_01-300x201.jpg 300w, https:\/\/pariserkommune.noblogs.org\/files\/2021\/03\/03_03_01-447x300.jpg 447w\" sizes=\"auto, (max-width: 566px) 100vw, 566px\" \/><\/a><p id=\"caption-attachment-310\" class=\"wp-caption-text\">Zeitgen\u00f6ssische Karikaturen Links: Am\u00e9d\u00e9e de No\u00e9 (1819 &#8211; 1879), K\u00fcnstlername Cham, franz\u00f6sischer Karikaturist: Die hungernden Pariser*innen machen Jagd auf Ratten, das letzte \u201eWild\u201c im belagerten Paris. Rechts: Georges Pilotelle (1845 &#8211; 1918), Karikaturist und Sonderkommissar der Kommune: Adolphe Thiers gibt General Vinoy am 18. M\u00e4rz den Befehl, die Gesch\u00fctze der Nationalgarde auf dem Montmartre in Besitz zu nehmen. <a href=\"#03\">[3]<\/a><\/p><\/div>\n<p>Im Winter 1870\/71 belagerten und beschossen die Deutschen Paris. Am 28. Januar kapitulierte das von den Preu\u00dfen belagerte und ausgehungerte Paris, ohne dass die Nationalgarde bereit war, die eigenen Waffen abzugeben.<\/p>\n<p>Eine auf Gehei\u00df Preu\u00dfens am 8. Februar 1871 in Bordeaux gew\u00e4hlte, mehrheitlich monarchistische Nationalversammlung verabschiedete mit den Preu\u00dfen ausgehandelte Friedensbedingungen: Das kohlereiche Elsa\u00df-Lothringen und 5 Milliarden Goldfrancs Kriegsentsch\u00e4digung an Preu\u00dfen. Die Nationalversammlung stellte auch die Soldzahlung an die Nationalgardisten ein und machte sie so einkommenslos. Ebenso beendete sie die Mietstundung und den Zahlungsaufschub f\u00fcr Kredite. Das erste betraf 200.000 Familien, das zweite 150.000 Schuldner*innen.<\/p>\n<p>Da die deutschen und franz\u00f6sischen Herrscher derselben Klasse angeh\u00f6rten und mehr Furcht und Abneigung vor den Paris verteidigenden Arbeiter*innen als voreinander hatten, war die \u201eBefriedung\u201c des revolution\u00e4ren Paris die Voraussetzung der Unterzeichnung des endg\u00fcltigen Friedensvertrags am 10. Mai 1871 in Frankfurt.<\/p>\n<div id=\"attachment_311\" style=\"width: 1087px\" class=\"wp-caption aligncenter\"><a name=\"ref-04\" href=\"https:\/\/pariserkommune.noblogs.org\/files\/2021\/03\/03_04_01.jpg\"><img loading=\"lazy\" decoding=\"async\" aria-describedby=\"caption-attachment-311\" class=\"wp-image-311 size-full\" src=\"https:\/\/pariserkommune.noblogs.org\/files\/2021\/03\/03_04_01.jpg\" alt=\"\" width=\"1077\" height=\"727\" srcset=\"https:\/\/pariserkommune.noblogs.org\/files\/2021\/03\/03_04_01.jpg 1077w, https:\/\/pariserkommune.noblogs.org\/files\/2021\/03\/03_04_01-300x203.jpg 300w, https:\/\/pariserkommune.noblogs.org\/files\/2021\/03\/03_04_01-1024x691.jpg 1024w, https:\/\/pariserkommune.noblogs.org\/files\/2021\/03\/03_04_01-768x518.jpg 768w, https:\/\/pariserkommune.noblogs.org\/files\/2021\/03\/03_04_01-444x300.jpg 444w\" sizes=\"auto, (max-width: 1077px) 100vw, 1077px\" \/><\/a><p id=\"caption-attachment-311\" class=\"wp-caption-text\">Place Pigalle, 18. M\u00e4rz: Nationalgardisten t\u00f6ten einen Kapit\u00e4n, der versucht hatte, die K\u00fcrassiere zum Angriff auf die Menge zu f\u00fchren. <a href=\"#04\">[4]<\/a><\/p><\/div>\n<p>Thiers schickte deshalb am 18. M\u00e4rz seinen Pariser Oberbefehlshaber Vinoy zur Entwaffnung der Nationalgarde zum Hauptquartier nach Montmartre. Aufgrund der Verbr\u00fcderung zwischen Armeeteilen und dem Volk wurde der Raub der Gesch\u00fctze abgewendet, die Regierung unter Thiers floh nach Versailles. Das Zentralkomitee der Nationalgarde \u00fcbernahm die Macht.<\/p>\n<p><img loading=\"lazy\" decoding=\"async\" class=\"youth-img\" src=\"https:\/\/pariserkommune.noblogs.org\/files\/2021\/03\/marie_laurent.jpg\" alt=\"\" width=\"257\" height=\"117\" \/><\/p>\n<div class=\"youth-text youth-03\"><strong>Marie:<\/strong> Laurent, wie bist du zur Nationalgarde gekommen?<br \/>\n<strong>Laurent:<\/strong> Es gab keine Arbeit. Da hab ich mich am Place du Carrousel gemeldet, dort wurden Jungs f\u00fcr die Nationalgarde rekrutiert. Das war im September 1870. Ich dachte, es ist besser, eine Uniform zu tragen als gar keine Kleidung.<br \/>\nUnd es gab Gehalt! 30 Cent pro Tag. Das ist besser als zu schmuggeln. Wir wurden f\u00fcr Botendienste oder zum Barrikadenbau eingeteilt. Dort habe ich auch Matthis und deinen Papa kennengelernt. Das war das Beste, was mir passieren konnte.<\/div>\n<div class=\"navi-box-c navi-bottom\">\n<div class=\"navi-box ta-start\"><a href=\"https:\/\/pariserkommune.noblogs.org\/?page_id=46\" rel=\"noopener\">&lt;&lt; Vorherige<\/a><\/div>\n<div class=\"navi-box ta-end\"><a href=\"https:\/\/pariserkommune.noblogs.org\/files\/2021\/03\/Roll-Up_03_web.pdf\" target=\"_blank\" rel=\"noopener\">PDF<\/a><\/div>\n<div class=\"navi-box ta-center\" style=\"color: red\">Deutsch<\/div>\n<div class=\"navi-box ta-start\"><a href=\"https:\/\/pariserkommune.noblogs.org\/?page_id=196\" rel=\"noopener\">English<\/a><\/div>\n<div class=\"navi-box ta-end\"><a href=\"https:\/\/pariserkommune.noblogs.org\/?page_id=53\" rel=\"noopener\">N\u00e4chste &gt;&gt;<\/a><\/div>\n<\/div>\n<div class=\"ref-box\">\n   <strong>Bildreferenzen:<\/strong><br \/>\n   <a name=\"01\" class=\"ref-link\" href=\"#ref-01\">[1] International Pamphlets, New York, 1932<\/a><br \/>\n   <a name=\"02\" class=\"ref-link\" href=\"#ref-02\">[2] Verlag des Ministeriums f\u00fcr nationale Verteidigung, Warschau, 1955<\/a><br \/>\n   <a name=\"03\" class=\"ref-link\" href=\"#ref-03\">[3] Verlag des Ministeriums f\u00fcr nationale Verteidigung, Warschau, 1955<\/a><br \/>\n   <a name=\"04\" class=\"ref-link\" href=\"#ref-04\">[4] Verlag des Ministeriums f\u00fcr nationale Verteidigung, Warschau, 1955<\/a>\n<\/div>\n","protected":false},"excerpt":{"rendered":"<p>&lt;&lt; Vorherige PDF Deutsch English N\u00e4chste &gt;&gt; Die Proletarier von Paris&#8230;haben begriffen&#8230;sich zu Herren ihrer eigenen Geschicke zu machen und die Regierungsgewalt zu ergreifen. Manifest des Zentralkomitees der Nationalgarde, 18. M\u00e4rz 1871 \u201d \u201c Die Herrschaft Napoleons III endete am &hellip; <a href=\"https:\/\/pariserkommune.noblogs.org\/?page_id=48\">Weiterlesen <span class=\"meta-nav\">&rarr;<\/span><\/a><\/p>\n","protected":false},"author":15881,"featured_media":0,"parent":0,"menu_order":0,"comment_status":"closed","ping_status":"closed","template":"","meta":{"_locale":"de_DE","_original_post":"http:\/\/pariserkommune.noblogs.org\/?page_id=48","footnotes":""},"class_list":["post-48","page","type-page","status-publish","hentry","de-DE"],"_links":{"self":[{"href":"https:\/\/pariserkommune.noblogs.org\/index.php?rest_route=\/wp\/v2\/pages\/48","targetHints":{"allow":["GET"]}}],"collection":[{"href":"https:\/\/pariserkommune.noblogs.org\/index.php?rest_route=\/wp\/v2\/pages"}],"about":[{"href":"https:\/\/pariserkommune.noblogs.org\/index.php?rest_route=\/wp\/v2\/types\/page"}],"author":[{"embeddable":true,"href":"https:\/\/pariserkommune.noblogs.org\/index.php?rest_route=\/wp\/v2\/users\/15881"}],"replies":[{"embeddable":true,"href":"https:\/\/pariserkommune.noblogs.org\/index.php?rest_route=%2Fwp%2Fv2%2Fcomments&post=48"}],"version-history":[{"count":22,"href":"https:\/\/pariserkommune.noblogs.org\/index.php?rest_route=\/wp\/v2\/pages\/48\/revisions"}],"predecessor-version":[{"id":597,"href":"https:\/\/pariserkommune.noblogs.org\/index.php?rest_route=\/wp\/v2\/pages\/48\/revisions\/597"}],"wp:attachment":[{"href":"https:\/\/pariserkommune.noblogs.org\/index.php?rest_route=%2Fwp%2Fv2%2Fmedia&parent=48"}],"curies":[{"name":"wp","href":"https:\/\/api.w.org\/{rel}","templated":true}]}}