{"id":46,"date":"2020-12-30T13:46:42","date_gmt":"2020-12-30T12:46:42","guid":{"rendered":"http:\/\/pariserkommune.noblogs.org\/?page_id=46"},"modified":"2021-03-06T18:51:21","modified_gmt":"2021-03-06T17:51:21","slug":"paris-1870er","status":"publish","type":"page","link":"https:\/\/pariserkommune.noblogs.org\/?page_id=46","title":{"rendered":"Soziale Lage in Frankreich und Paris um 1870"},"content":{"rendered":"<div class=\"navi-box-c\">\n<div class=\"navi-box ta-start\"><a href=\"https:\/\/pariserkommune.noblogs.org\/?page_id=44\" rel=\"noopener\">&lt;&lt; Vorherige<\/a><\/div>\n<div class=\"navi-box ta-end\"><a href=\"https:\/\/pariserkommune.noblogs.org\/files\/2021\/03\/Roll-Up_02_web.pdf\" target=\"_blank\" rel=\"noopener\">PDF<\/a><\/div>\n<div class=\"navi-box ta-center\" style=\"color: red\">Deutsch<\/div>\n<div class=\"navi-box ta-start\"><a href=\"https:\/\/pariserkommune.noblogs.org\/?page_id=194\" rel=\"noopener\">English<\/a><\/div>\n<div class=\"navi-box ta-end\"><a href=\"https:\/\/pariserkommune.noblogs.org\/?page_id=48\" rel=\"noopener\">N\u00e4chste &gt;&gt;<\/a><\/div>\n<\/div>\n<div class=\"qblock\">Konnte das Proletariat noch nicht Frankreich regieren, so konnte die Bourgeoisie es schon nicht mehr.<\/p>\n<div class=\"header-quote\">Friedrich Engels (1820-1895), Philosoph, Historiker, Revolution\u00e4r, Einleitung zum B\u00fcrgerkrieg in Frankreich, 1891<\/div>\n<div class=\"quote-left\">\u201d<\/div>\n<div class=\"quote-right\">\u201c<\/div>\n<\/div>\n<div id=\"attachment_277\" style=\"width: 250px\" class=\"wp-caption alignright\"><a name=\"ref-02\" href=\"https:\/\/pariserkommune.noblogs.org\/files\/2021\/03\/02_01_02.jpg\"><img decoding=\"async\" aria-describedby=\"caption-attachment-277\" class=\"wp-image-277 size-medium\" src=\"https:\/\/pariserkommune.noblogs.org\/files\/2021\/03\/02_01_02-300x267.jpg\" alt=\"\" width=\"240\" srcset=\"https:\/\/pariserkommune.noblogs.org\/files\/2021\/03\/02_01_02-300x267.jpg 300w, https:\/\/pariserkommune.noblogs.org\/files\/2021\/03\/02_01_02-1024x913.jpg 1024w, https:\/\/pariserkommune.noblogs.org\/files\/2021\/03\/02_01_02-768x685.jpg 768w, https:\/\/pariserkommune.noblogs.org\/files\/2021\/03\/02_01_02-337x300.jpg 337w, https:\/\/pariserkommune.noblogs.org\/files\/2021\/03\/02_01_02.jpg 1077w\" sizes=\"(max-width: 300px) 100vw, 300px\" \/><\/a><p id=\"caption-attachment-277\" class=\"wp-caption-text\">Die Rue de la Paix im b\u00fcrgerlichen 1. Bezirk von Paris <a href=\"#02\">[2]<\/a><\/p><\/div>\n<div id=\"attachment_276\" style=\"width: 250px\" class=\"wp-caption alignleft\"><a name=\"ref-01\" href=\"https:\/\/pariserkommune.noblogs.org\/files\/2021\/03\/02_01_01.jpg\"><img decoding=\"async\" aria-describedby=\"caption-attachment-276\" class=\"wp-image-276 size-medium\" src=\"https:\/\/pariserkommune.noblogs.org\/files\/2021\/03\/02_01_01-300x267.jpg\" alt=\"\" width=\"240\" srcset=\"https:\/\/pariserkommune.noblogs.org\/files\/2021\/03\/02_01_01-300x267.jpg 300w, https:\/\/pariserkommune.noblogs.org\/files\/2021\/03\/02_01_01-1024x913.jpg 1024w, https:\/\/pariserkommune.noblogs.org\/files\/2021\/03\/02_01_01-768x685.jpg 768w, https:\/\/pariserkommune.noblogs.org\/files\/2021\/03\/02_01_01-337x300.jpg 337w, https:\/\/pariserkommune.noblogs.org\/files\/2021\/03\/02_01_01.jpg 1077w\" sizes=\"(max-width: 300px) 100vw, 300px\" \/><\/a><p id=\"caption-attachment-276\" class=\"wp-caption-text\">Kinder aus dem Pariser Arbeiterbezirk Belleville. <a href=\"#01\">[1]<\/a><\/p><\/div>\n<p>Die rasante kapitalistische Entwicklung unter Napoleon III (Eisenbahn, R\u00fcstung, \u00f6ffentliche Bauten, Kan\u00e4le) f\u00fchrte zu einem starken Anwachsen der st\u00e4dtischen Bev\u00f6lkerung und des Proletariats. Von 25 Mio. Einwohner*innen Frankreichs lebten 11 Mio. in den St\u00e4dten, davon drei Mio. Arbeiter*innen, zum gro\u00dfen Teil Handwerker*innen und Heimarbeiter*innen.<\/p>\n<p>Arbeitszeiten bis zu 16 Stunden am Tag waren ebenso normal wie Kinderarbeit ab 8 Jahren. Ihre wie die Mitarbeit der Frauen war f\u00fcr proletarische Familien \u00fcberlebenswichtig, da die Lebenshaltungskosten immer h\u00f6her waren als ein Arbeiterlohn.<\/p>\n<p>Napoleon III verfolgte den Ausbau von Verwaltung, Armee und Polizei; St\u00fctzen seiner G\u00fcnstlingswirtschaft und gleichzeitig Herrschaftsinstrument nach Innen im Kampf gegen die zunehmende Masse mittelloser Handwerker und das st\u00e4dtische Proletariat.<\/p>\n<p>In den 1860er Jahren nahm die Arbeiter*in-nenbewegung trotz Repression einen gro\u00dfen Aufschwung und organisierte sich. 1865 wurde die franz\u00f6sische Sektion der Internationalen Arbeiterassoziation (1. Internationale) gegr\u00fcndet.<\/p>\n<h2>\u201eParis \u2013 Hauptstadt des 19. Jahrhunderts\u201c<\/h2>\n<p>Von 1840 bis 1870 verdoppelte sich die Einwohnerzahl von Paris auf 2 Millionen. Unter dem Pr\u00e4fekten Haussmann kam es zu gro\u00dfen Umgestaltungen der Stadt. Alte Viertel wurden abgerissen, gro\u00dfe Boulevards angelegt. Dort flanierte die durch Spekulationsgewinne reich gewordene Bourgeoisie, w\u00e4hrend die angestammte einfache Bev\u00f6lkerung die Mieten nicht mehr bezahlen konnte und verdr\u00e4ngt wurde. Paris wurde zum Synonym f\u00fcr die aufstrebende, moderne Gro\u00dfstadt, was durch die Ausrichtung mehrerer Weltausstellungen unterstrichen werden sollte.<\/p>\n<p>Die Bedeutung Paris als Hauptstadt unterstreichen sollte jedoch auch die mit dem Namen Napoleons III verbundene imperialistische Au\u00dfenpolitik, die Frankreich ab Juli 1870 in den Krieg mit Preu\u00dfen st\u00fcrzte.<\/p>\n<h2>Wachstum des Pariser Proletariats<\/h2>\n<p><a href=\"https:\/\/pariserkommune.noblogs.org\/files\/2021\/03\/02_02_01.jpg\"><img loading=\"lazy\" decoding=\"async\" class=\"borderless aligncenter wp-image-278 size-full\" src=\"https:\/\/pariserkommune.noblogs.org\/files\/2021\/03\/02_02_01.jpg\" alt=\"\" width=\"496\" height=\"180\" srcset=\"https:\/\/pariserkommune.noblogs.org\/files\/2021\/03\/02_02_01.jpg 496w, https:\/\/pariserkommune.noblogs.org\/files\/2021\/03\/02_02_01-300x109.jpg 300w\" sizes=\"auto, (max-width: 496px) 100vw, 496px\" \/><\/a><\/p>\n<h2>Bonapartismus<\/h2>\n<p>Napoleon Bonaparte III (1808-1873) war nach einem Staatsstreich von 1852 bis 1870 Kaiser der Franzosen. Die nach beiden Napoleons benannte Regierungsform strebt mittels Plebisziten eine \u00fcber den Klassen stehende autorit\u00e4re Verwaltung der kapitalistischen Gesellschaft durch ein Direktorium oder einen Einzelnen an, in dem der Herrscher einen Ausgleich zwischen den Klassen von oben herzustellen sucht. In der Praxis unterdr\u00fcckte Bonaparte die Arbeiterbewegung, betrieb eine populistische Politik gegen\u00fcber den Kleinbauern und f\u00fchrte mehrere imperialistische Kriege. Hauptst\u00fctzen des Regimes waren Armee und Kirche.<\/p>\n<p><div id=\"attachment_279\" style=\"width: 1087px\" class=\"wp-caption aligncenter\"><a href=\"https:\/\/pariserkommune.noblogs.org\/files\/2021\/03\/02_03_01.jpg\" name=\"ref-03\"><img loading=\"lazy\" decoding=\"async\" aria-describedby=\"caption-attachment-279\" class=\"wp-image-279 size-full\" src=\"https:\/\/pariserkommune.noblogs.org\/files\/2021\/03\/02_03_01.jpg\" alt=\"\" width=\"1077\" height=\"648\" srcset=\"https:\/\/pariserkommune.noblogs.org\/files\/2021\/03\/02_03_01.jpg 1077w, https:\/\/pariserkommune.noblogs.org\/files\/2021\/03\/02_03_01-300x181.jpg 300w, https:\/\/pariserkommune.noblogs.org\/files\/2021\/03\/02_03_01-1024x616.jpg 1024w, https:\/\/pariserkommune.noblogs.org\/files\/2021\/03\/02_03_01-768x462.jpg 768w, https:\/\/pariserkommune.noblogs.org\/files\/2021\/03\/02_03_01-500x300.jpg 500w\" sizes=\"auto, (max-width: 1077px) 100vw, 1077px\" \/><\/a><p id=\"caption-attachment-279\" class=\"wp-caption-text\">Streik in La Vilette, einem Viertel von Paris, Anfang 1870 <a href=\"#03\">[3]<\/a><\/p><\/div><img loading=\"lazy\" decoding=\"async\" class=\"youth-img\" src=\"https:\/\/pariserkommune.noblogs.org\/files\/2021\/03\/marie_laurent.jpg\" alt=\"\" width=\"257\" height=\"117\" \/><\/p>\n<div class=\"youth-text youth-02\"><strong>Marie:<\/strong> Dort dr\u00fcben wohnen wir. \u00dcber den Hinterhof in den Keller. Andere sagen zu unserer Wohnung sous-sol \u2013 ohne Sonne. Und das stimmt, denn es ist dunkel, eng und feucht.<br \/>\n<strong>Laurent:<\/strong> Aber wie sagt deine Mama: Platz ist in der kleinsten H\u00fctte. Ich bin so froh, dass ihr mich aufgenommen habt. Als Junge ohne Eltern kann Paris ganz sch\u00f6n gef\u00e4hrlich sein.<br \/>\n<strong>Marie:<\/strong> Hier im Viertel passt jeder auf den anderen auf. Anders geht es auch gar nicht, denn die Erwachsenen kommen erst sp\u00e4t abends heim und sind dann m\u00fcde von der schweren Arbeit in den Fabriken.<\/div>\n<div class=\"navi-box-c navi-bottom\">\n<div class=\"navi-box ta-start\"><a href=\"https:\/\/pariserkommune.noblogs.org\/?page_id=44\" rel=\"noopener\">&lt;&lt; Vorherige<\/a><\/div>\n<div class=\"navi-box ta-end\"><a href=\"https:\/\/pariserkommune.noblogs.org\/files\/2021\/03\/Roll-Up_02_web.pdf\" target=\"_blank\" rel=\"noopener\">PDF<\/a><\/div>\n<div class=\"navi-box ta-center\" style=\"color: red\">Deutsch<\/div>\n<div class=\"navi-box ta-start\"><a href=\"https:\/\/pariserkommune.noblogs.org\/?page_id=194\" rel=\"noopener\">English<\/a><\/div>\n<div class=\"navi-box ta-end\"><a href=\"https:\/\/pariserkommune.noblogs.org\/?page_id=48\" rel=\"noopener\">N\u00e4chste &gt;&gt;<\/a><\/div>\n<\/div>\n<div class=\"ref-box\"><strong>Bildreferenzen:<\/strong><br \/>\n<a class=\"ref-link\" href=\"#ref-01\" name=\"01\">[1] CC0 commons.wikimedia.org<\/a><br \/>\n<a class=\"ref-link\" href=\"#ref-02\" name=\"02\">[2] Der Kinderbuchverlag Berlin, DDR, 1982<\/a><br \/>\n<a class=\"ref-link\" href=\"#ref-03\" name=\"03\">[3] Verlag des Ministeriums f\u00fcr nationale Verteidigung, Warschau, 1955<\/a><\/div>\n","protected":false},"excerpt":{"rendered":"<p>&lt;&lt; Vorherige PDF Deutsch English N\u00e4chste &gt;&gt; Konnte das Proletariat noch nicht Frankreich regieren, so konnte die Bourgeoisie es schon nicht mehr. Friedrich Engels (1820-1895), Philosoph, Historiker, Revolution\u00e4r, Einleitung zum B\u00fcrgerkrieg in Frankreich, 1891 \u201d \u201c Die rasante kapitalistische Entwicklung &hellip; <a href=\"https:\/\/pariserkommune.noblogs.org\/?page_id=46\">Weiterlesen <span class=\"meta-nav\">&rarr;<\/span><\/a><\/p>\n","protected":false},"author":15881,"featured_media":0,"parent":0,"menu_order":0,"comment_status":"closed","ping_status":"closed","template":"","meta":{"_locale":"de_DE","_original_post":"http:\/\/pariserkommune.noblogs.org\/?page_id=46","footnotes":""},"class_list":["post-46","page","type-page","status-publish","hentry","de-DE"],"_links":{"self":[{"href":"https:\/\/pariserkommune.noblogs.org\/index.php?rest_route=\/wp\/v2\/pages\/46","targetHints":{"allow":["GET"]}}],"collection":[{"href":"https:\/\/pariserkommune.noblogs.org\/index.php?rest_route=\/wp\/v2\/pages"}],"about":[{"href":"https:\/\/pariserkommune.noblogs.org\/index.php?rest_route=\/wp\/v2\/types\/page"}],"author":[{"embeddable":true,"href":"https:\/\/pariserkommune.noblogs.org\/index.php?rest_route=\/wp\/v2\/users\/15881"}],"replies":[{"embeddable":true,"href":"https:\/\/pariserkommune.noblogs.org\/index.php?rest_route=%2Fwp%2Fv2%2Fcomments&post=46"}],"version-history":[{"count":24,"href":"https:\/\/pariserkommune.noblogs.org\/index.php?rest_route=\/wp\/v2\/pages\/46\/revisions"}],"predecessor-version":[{"id":165,"href":"https:\/\/pariserkommune.noblogs.org\/index.php?rest_route=\/wp\/v2\/pages\/46\/revisions\/165"}],"wp:attachment":[{"href":"https:\/\/pariserkommune.noblogs.org\/index.php?rest_route=%2Fwp%2Fv2%2Fmedia&parent=46"}],"curies":[{"name":"wp","href":"https:\/\/api.w.org\/{rel}","templated":true}]}}